{"id":51604,"date":"2025-06-13T12:05:55","date_gmt":"2025-06-13T17:05:55","guid":{"rendered":"https:\/\/definityfoundation.org\/strategie-priorites\/"},"modified":"2026-02-04T15:36:53","modified_gmt":"2026-02-04T20:36:53","slug":"strategie-priorites","status":"publish","type":"page","link":"https:\/\/definityfoundation.org\/fr\/strategie-priorites\/","title":{"rendered":"Strat\u00e9gie &amp; priorit\u00e9s"},"content":{"rendered":"<p>[et_pb_section fb_built=\u00a0\u00bb1&Prime; fullwidth=\u00a0\u00bbon\u00a0\u00bb _builder_version=\u00a0\u00bb4.21.0&Prime; _module_preset=\u00a0\u00bbdefault\u00a0\u00bb custom_padding=\u00a0\u00bb||||false|false\u00a0\u00bb locked=\u00a0\u00bboff\u00a0\u00bb global_colors_info=\u00a0\u00bb{}\u00a0\u00bb][et_pb_fullwidth_header title=\u00a0\u00bbNotre strat\u00e9gie et nos priorit\u00e9s.\u00a0\u00bb content_max_width=\u00a0\u00bb63%\u00a0\u00bb content_max_width_tablet=\u00a0\u00bb100%\u00a0\u00bb content_max_width_phone=\u00a0\u00bb100%\u00a0\u00bb content_max_width_last_edited=\u00a0\u00bbon|phone\u00a0\u00bb _builder_version=\u00a0\u00bb4.21.0&Prime; _module_preset=\u00a0\u00bbdefault\u00a0\u00bb title_font_size=\u00a0\u00bb3.5em\u00a0\u00bb background_color=\u00a0\u00bbRGBA(255,255,255,0)\u00a0\u00bb background_image=\u00a0\u00bbhttps:\/\/definityfoundation.org\/wp-content\/uploads\/Banners-website-8.png\u00a0\u00bb background_position=\u00a0\u00bbcenter_left\u00a0\u00bb min_height=\u00a0\u00bb400px\u00a0\u00bb custom_margin=\u00a0\u00bb||||false|false\u00a0\u00bb custom_padding=\u00a0\u00bb155px||155px||true|true\u00a0\u00bb title_font_size_tablet=\u00a0\u00bb3.5em\u00a0\u00bb title_font_size_phone=\u00a0\u00bb2.5em\u00a0\u00bb title_font_size_last_edited=\u00a0\u00bbon|phone\u00a0\u00bb global_colors_info=\u00a0\u00bb{}\u00a0\u00bb][\/et_pb_fullwidth_header][\/et_pb_section][et_pb_section fb_built=\u00a0\u00bb1&Prime; _builder_version=\u00a0\u00bb4.21.0&Prime; _module_preset=\u00a0\u00bbdefault\u00a0\u00bb background_color=\u00a0\u00bb#123459&Prime; custom_padding=\u00a0\u00bb64px||54px||false|false\u00a0\u00bb global_colors_info=\u00a0\u00bb{}\u00a0\u00bb][et_pb_row _builder_version=\u00a0\u00bb4.21.0&Prime; _module_preset=\u00a0\u00bbdefault\u00a0\u00bb min_height=\u00a0\u00bb96.2px\u00a0\u00bb custom_margin=\u00a0\u00bb|auto|0px|auto|false|false\u00a0\u00bb custom_padding=\u00a0\u00bb0px||0px|||\u00a0\u00bb global_colors_info=\u00a0\u00bb{}\u00a0\u00bb][et_pb_column type=\u00a0\u00bb4_4&Prime; _builder_version=\u00a0\u00bb4.21.0&Prime; _module_preset=\u00a0\u00bbdefault\u00a0\u00bb global_colors_info=\u00a0\u00bb{}\u00a0\u00bb][et_pb_text _builder_version=\u00a0\u00bb4.21.0&Prime; _module_preset=\u00a0\u00bbdefault\u00a0\u00bb header_5_text_color=\u00a0\u00bb#FFFFFF\u00a0\u00bb background_enable_color=\u00a0\u00bboff\u00a0\u00bb global_colors_info=\u00a0\u00bb{}\u00a0\u00bb]<\/p>\n<h5 style=\"text-align: center;\">Ancr\u00e9e dans nos valeurs de communaut\u00e9, de justice et d&rsquo;int\u00e9grit\u00e9, la Fondation Definity s&rsquo;efforce de corriger les in\u00e9galit\u00e9s historiques et actuelles. Nous sommes convaincus qu&rsquo;un changement durable est le fruit d&rsquo;une action coop\u00e9rative et collective. En travaillant ensemble, nous visons \u00e0 d\u00e9manteler les barri\u00e8res structurelles qui touchent de mani\u00e8re disproportionn\u00e9e les communaut\u00e9s confront\u00e9es \u00e0 des in\u00e9galit\u00e9s syst\u00e9miques et \u00e0 contribuer \u00e0 la construction d&rsquo;une soci\u00e9t\u00e9 plus juste et \u00e9quitable.  <\/h5>\n<p>[\/et_pb_text][\/et_pb_column][\/et_pb_row][\/et_pb_section][et_pb_section fb_built=\u00a0\u00bb1&Prime; _builder_version=\u00a0\u00bb4.21.0&Prime; _module_preset=\u00a0\u00bbdefault\u00a0\u00bb global_colors_info=\u00a0\u00bb{}\u00a0\u00bb][et_pb_row use_custom_gutter=\u00a0\u00bbon\u00a0\u00bb _builder_version=\u00a0\u00bb4.21.0&Prime; _module_preset=\u00a0\u00bbdefault\u00a0\u00bb global_colors_info=\u00a0\u00bb{}\u00a0\u00bb][et_pb_column type=\u00a0\u00bb4_4&Prime; _builder_version=\u00a0\u00bb4.21.0&Prime; _module_preset=\u00a0\u00bbdefault\u00a0\u00bb global_colors_info=\u00a0\u00bb{}\u00a0\u00bb][et_pb_text _builder_version=\u00a0\u00bb4.27.4&Prime; _module_preset=\u00a0\u00bbdefault\u00a0\u00bb global_colors_info=\u00a0\u00bb{}\u00a0\u00bb]<\/p>\n<h4 style=\"text-align: left;\"><strong>\u00c9voluer avec d\u00e9termination<\/strong><\/h4>\n<p>Depuis son lancement en 2022, la Fondation Definity s&rsquo;est engag\u00e9e \u00e0 apprendre\u00a0: sur la mani\u00e8re dont nous finan\u00e7ons, sur ce que nous finan\u00e7ons et sur la mani\u00e8re de soutenir de mani\u00e8re significative le changement des syst\u00e8mes. D\u00e8s le d\u00e9part, nous avons pris l&rsquo;engagement d&rsquo;\u00e9couter attentivement, de rester ouverts et d&rsquo;\u00e9voluer avec intention. Au cours des trois derni\u00e8res ann\u00e9es, c&rsquo;est exactement ce que nous avons fait.<\/p>\n<p>Entre 2022 et 2025, nous avons engag\u00e9 plus de 32\u00a0millions de dollars en subventions de partenariat et 9\u00a0millions de dollars en investissements \u00e0 impact qui font progresser la justice climatique, sanitaire, sociale et \u00e9conomique. Gr\u00e2ce \u00e0 ces partenariats, nous avons accord\u00e9 la priorit\u00e9 aux solutions men\u00e9es par les communaut\u00e9s qui s&rsquo;attaquent aux barri\u00e8res syst\u00e9miques, en mettant particuli\u00e8rement l&rsquo;accent sur celles auxquelles sont confront\u00e9es les communaut\u00e9s noires, autochtones et autres communaut\u00e9s racialis\u00e9es.<\/p>\n<p>D\u00e8s le d\u00e9part, nous avons eu l&rsquo;intention d&rsquo;apprendre tout en agissant. Nous avons commenc\u00e9 ce parcours avec des objectifs g\u00e9n\u00e9raux et une curiosit\u00e9 quant \u00e0 la mani\u00e8re dont la philanthropie pouvait se manifester diff\u00e9remment. Cette phase d&rsquo;apprentissage nous a amen\u00e9s \u00e0 un point o\u00f9 nous sommes pr\u00eats \u00e0 d\u00e9finir le prochain chapitre et l&rsquo;orientation \u00e0 long terme de la fondation.<\/p>\n<h4 style=\"text-align: left;\"><strong>Notre voie vers 2027<\/strong><\/h4>\n<p>Au cours de la prochaine ann\u00e9e, nous affinerons notre cadre d&rsquo;investissement communautaire afin de mieux aligner nos investissements pour un impact plus important. Cette \u00e9volution nous aidera \u00e0 optimiser nos approches de changement de syst\u00e8me, \u00e0 renforcer les relations avec nos partenaires et \u00e0 mieux lutter contre les barri\u00e8res structurelles \u00e0 l&rsquo;\u00e9quit\u00e9. Notre engagement en faveur de la justice climatique, sanitaire, sociale et \u00e9conomique reste fort, m\u00eame si nous repensons la mani\u00e8re dont nous abordons et faisons progresser ces domaines de mission.<\/p>\n<p>Pendant cette p\u00e9riode de perfectionnement, nous n&rsquo;accorderons pas de nouvelles subventions en 2026, \u00e0 quelques exceptions pr\u00e8s pour honorer des initiatives d\u00e9j\u00e0 en discussion. Nos engagements pluriannuels actuels se poursuivront comme pr\u00e9vu et nous continuerons \u00e0 nous engager dans un apprentissage, un dialogue et une amplification du travail de nos partenaires fond\u00e9s sur les relations.<\/p>\n<p>Il s&rsquo;agit d&rsquo;une \u00e9volution d\u00e9lib\u00e9r\u00e9e et r\u00e9fl\u00e9chie. Nous allons maintenant traduire trois ann\u00e9es de connaissances en un strat\u00e9gie d&rsquo;investissement communautaire affin\u00e9 pour 2027. Ce prochain chapitre nous permettra d&rsquo;approfondir notre soutien au changement men\u00e9 par la communaut\u00e9, et d&rsquo;\u00eatre encore plus r\u00e9actifs, cibl\u00e9s et efficaces.<\/p>\n<p>[\/et_pb_text][\/et_pb_column][\/et_pb_row][\/et_pb_section][et_pb_section fb_built=\u00a0\u00bb1&Prime; module_class=\u00a0\u00bbblue-banner\u00a0\u00bb _builder_version=\u00a0\u00bb4.21.0&Prime; _module_preset=\u00a0\u00bbdefault\u00a0\u00bb background_color=\u00a0\u00bb#0070B0&Prime; custom_padding=\u00a0\u00bb40px||40px||false|false\u00a0\u00bb global_colors_info=\u00a0\u00bb{}\u00a0\u00bb][et_pb_row _builder_version=\u00a0\u00bb4.21.0&Prime; _module_preset=\u00a0\u00bbdefault\u00a0\u00bb min_height=\u00a0\u00bb100.8px\u00a0\u00bb custom_margin=\u00a0\u00bb13px|auto|-43px|auto||\u00a0\u00bb custom_padding=\u00a0\u00bb11px|||||\u00a0\u00bb global_colors_info=\u00a0\u00bb{}\u00a0\u00bb][et_pb_column type=\u00a0\u00bb4_4&Prime; _builder_version=\u00a0\u00bb4.21.0&Prime; _module_preset=\u00a0\u00bbdefault\u00a0\u00bb global_colors_info=\u00a0\u00bb{}\u00a0\u00bb][et_pb_text _builder_version=\u00a0\u00bb4.27.4&Prime; _module_preset=\u00a0\u00bbdefault\u00a0\u00bb header_2_text_color=\u00a0\u00bb#FFFFFF\u00a0\u00bb background_enable_color=\u00a0\u00bboff\u00a0\u00bb global_colors_info=\u00a0\u00bb{}\u00a0\u00bb]<\/p>\n<h3 style=\"text-align: left;\"><span style=\"color: #ffffff;\"><strong>L&rsquo;octroi de subventions avec d\u00e9termination<\/strong><\/span><\/h3>\n<p>[\/et_pb_text][\/et_pb_column][\/et_pb_row][\/et_pb_section][et_pb_section fb_built=\u00a0\u00bb1&Prime; _builder_version=\u00a0\u00bb4.27.4&Prime; _module_preset=\u00a0\u00bbdefault\u00a0\u00bb background_color=\u00a0\u00bb#FFFFFF\u00a0\u00bb custom_margin=\u00a0\u00bb0px|||||\u00a0\u00bb custom_padding=\u00a0\u00bb1px|||||\u00a0\u00bb global_colors_info=\u00a0\u00bb{}\u00a0\u00bb][et_pb_row use_custom_gutter=\u00a0\u00bbon\u00a0\u00bb _builder_version=\u00a0\u00bb4.21.0&Prime; _module_preset=\u00a0\u00bbdefault\u00a0\u00bb custom_padding=\u00a0\u00bb||0px|||\u00a0\u00bb global_colors_info=\u00a0\u00bb{}\u00a0\u00bb][et_pb_column type=\u00a0\u00bb4_4&Prime; _builder_version=\u00a0\u00bb4.21.0&Prime; _module_preset=\u00a0\u00bbdefault\u00a0\u00bb global_colors_info=\u00a0\u00bb{}\u00a0\u00bb][et_pb_text _builder_version=\u00a0\u00bb4.27.4&Prime; _module_preset=\u00a0\u00bbdefault\u00a0\u00bb global_colors_info=\u00a0\u00bb{}\u00a0\u00bb]<\/p>\n<p>Entre 2022 et 2025, nous avons engag\u00e9 plus de 32&nbsp;millions de dollars en subventions \u00e0 plus de 70&nbsp;organisations diff\u00e9rentes qui font progresser la justice climatique, sanitaire, sociale et \u00e9conomique. Gr\u00e2ce \u00e0 ces subventions de partenariat, nous avons rempli notre mission en dirigeant des capitaux, en renfor\u00e7ant le domaine et en tirant parti des r\u00e9seaux et de l&rsquo;expertise, afin de soutenir les solutions men\u00e9es par les communaut\u00e9s qui s&rsquo;attaquent aux d\u00e9fis profonds qui touchent de mani\u00e8re disproportionn\u00e9e les communaut\u00e9s noires, autochtones et autres communaut\u00e9s racialis\u00e9es. <\/p>\n<p><span style=\"font-size: 18px;\">Nous avons \u00e9tabli des partenariats fond\u00e9s sur la confiance, ancr\u00e9s dans nos valeurs de communaut\u00e9, de justice et d&rsquo;int\u00e9grit\u00e9, et en collaborant \u00e9troitement avec des interm\u00e9diaires, des collaborations de bailleurs de fonds et des collectifs men\u00e9s par la communaut\u00e9. Apprenez-en davantage sur notre <a href=\"https:\/\/definityfoundation.org\/wp-content\/uploads\/How-We-Partner-Definity-Foundation.pdf\"><span style=\"text-decoration: underline;\">approche du partenariat<\/span>.<\/a> <\/span><\/p>\n<p><span style=\"font-size: 18px;\"><\/span><\/p>\n<h4>Notre octroi de subventions en action<\/h4>\n<p>D\u00e9couvrez nos trois domaines d&rsquo;intervention gr\u00e2ce \u00e0 nos partenariats en mati\u00e8re de subventions. <\/p>\n<p>[\/et_pb_text][\/et_pb_column][\/et_pb_row][et_pb_row column_structure=\u00a0\u00bb1_3,1_3,1_3&Prime; _builder_version=\u00a0\u00bb4.27.4&Prime; _module_preset=\u00a0\u00bbdefault\u00a0\u00bb min_height=\u00a0\u00bb174px\u00a0\u00bb custom_margin=\u00a0\u00bb|auto|-137px|auto||\u00a0\u00bb custom_padding=\u00a0\u00bb10px||38px|||\u00a0\u00bb global_colors_info=\u00a0\u00bb{}\u00a0\u00bb][et_pb_column type=\u00a0\u00bb1_3&Prime; _builder_version=\u00a0\u00bb4.27.4&Prime; _module_preset=\u00a0\u00bbdefault\u00a0\u00bb global_colors_info=\u00a0\u00bb{}\u00a0\u00bb][et_pb_button button_url=\u00a0\u00bbhttps:\/\/definityfoundation.org\/project_category\/healthy-people\/\u00a0\u00bb button_text=\u00a0\u00bbDes peuples en sant\u00e9\u00a0\u00bb button_alignment=\u00a0\u00bbleft\u00a0\u00bb _builder_version=\u00a0\u00bb4.27.4&Prime; _module_preset=\u00a0\u00bbdefault\u00a0\u00bb custom_button=\u00a0\u00bbon\u00a0\u00bb button_text_color=\u00a0\u00bb#0070B0&Prime; custom_padding=\u00a0\u00bb||2px|||\u00a0\u00bb divibooster_background_blur=\u00a0\u00bb0px\u00a0\u00bb box_shadow_style=\u00a0\u00bbpreset4&Prime; box_shadow_color=\u00a0\u00bb#0070B0&Prime; global_colors_info=\u00a0\u00bb{}\u00a0\u00bb][\/et_pb_button][et_pb_button button_url=\u00a0\u00bb\/?project_category=liveable_planet\u00a0\u00bb button_text=\u00a0\u00bbUne plan\u00e8te habitable\u00a0\u00bb _builder_version=\u00a0\u00bb4.27.4&Prime; _module_preset=\u00a0\u00bbdefault\u00a0\u00bb custom_button=\u00a0\u00bbon\u00a0\u00bb button_text_color=\u00a0\u00bb#0070B0&Prime; box_shadow_style=\u00a0\u00bbpreset4&Prime; box_shadow_color=\u00a0\u00bb#0070B0&Prime; global_colors_info=\u00a0\u00bb{}\u00a0\u00bb][\/et_pb_button][\/et_pb_column][et_pb_column type=\u00a0\u00bb1_3&Prime; _builder_version=\u00a0\u00bb4.27.4&Prime; _module_preset=\u00a0\u00bbdefault\u00a0\u00bb global_colors_info=\u00a0\u00bb{}\u00a0\u00bb][et_pb_divider show_divider=\u00a0\u00bboff\u00a0\u00bb _builder_version=\u00a0\u00bb4.27.4&Prime; _module_preset=\u00a0\u00bbdefault\u00a0\u00bb global_colors_info=\u00a0\u00bb{}\u00a0\u00bb][\/et_pb_divider][et_pb_text _builder_version=\u00a0\u00bb4.27.4&Prime; _module_preset=\u00a0\u00bbdefault\u00a0\u00bb background_color=\u00a0\u00bb#FFFFFF\u00a0\u00bb width=\u00a0\u00bb100%\u00a0\u00bb min_height=\u00a0\u00bb131.3px\u00a0\u00bb custom_margin=\u00a0\u00bb-40px||0px||false|false\u00a0\u00bb custom_padding=\u00a0\u00bb8px|||||\u00a0\u00bb link_option_url_new_window=\u00a0\u00bbon\u00a0\u00bb border_color_all=\u00a0\u00bb#0070B0&Prime; global_colors_info=\u00a0\u00bb{}\u00a0\u00bb]<\/p>\n<h2 style=\"text-align: center;\"><\/h2>\n<p style=\"text-align: center;\"><strong><a href=\"https:\/\/www.youtube.com\/@DefinityFoundation\" class=\"white-button\" title=\"@DefinityFoundation\">Regardez nos partenaires en action (YouTube)<\/a><\/strong><\/p>\n<p style=\"text-align: center;\">[\/et_pb_text][\/et_pb_column][et_pb_column type=\u00a0\u00bb1_3&Prime; _builder_version=\u00a0\u00bb4.27.4&Prime; _module_preset=\u00a0\u00bbdefault\u00a0\u00bb global_colors_info=\u00a0\u00bb{}\u00a0\u00bb][et_pb_button button_url=\u00a0\u00bb\/?project_category=thriving_communities\u00a0\u00bb button_text=\u00a0\u00bbDes communaut\u00e9s prosp\u00e8res\u00a0\u00bb button_alignment=\u00a0\u00bbleft\u00a0\u00bb _builder_version=\u00a0\u00bb4.27.4&Prime; _module_preset=\u00a0\u00bbdefault\u00a0\u00bb custom_button=\u00a0\u00bbon\u00a0\u00bb button_text_color=\u00a0\u00bb#0070B0&Prime; custom_margin=\u00a0\u00bb|-18px||||\u00a0\u00bb custom_padding=\u00a0\u00bb||4px|||\u00a0\u00bb box_shadow_style=\u00a0\u00bbpreset4&Prime; box_shadow_color=\u00a0\u00bb#0070B0&Prime; global_colors_info=\u00a0\u00bb{}\u00a0\u00bb][\/et_pb_button][et_pb_divider show_divider=\u00a0\u00bboff\u00a0\u00bb _builder_version=\u00a0\u00bb4.27.4&Prime; _module_preset=\u00a0\u00bbdefault\u00a0\u00bb global_colors_info=\u00a0\u00bb{}\u00a0\u00bb][\/et_pb_divider][\/et_pb_column][\/et_pb_row][\/et_pb_section][et_pb_section fb_built=\u00a0\u00bb1&Prime; _builder_version=\u00a0\u00bb4.27.4&Prime; _module_preset=\u00a0\u00bbdefault\u00a0\u00bb background_color=\u00a0\u00bb#FFFFFF\u00a0\u00bb global_colors_info=\u00a0\u00bb{}\u00a0\u00bb][et_pb_row _builder_version=\u00a0\u00bb4.27.4&Prime; _module_preset=\u00a0\u00bbdefault\u00a0\u00bb custom_padding=\u00a0\u00bb||0px|||\u00a0\u00bb global_colors_info=\u00a0\u00bb{}\u00a0\u00bb][et_pb_column type=\u00a0\u00bb4_4&Prime; _builder_version=\u00a0\u00bb4.27.4&Prime; _module_preset=\u00a0\u00bbdefault\u00a0\u00bb global_colors_info=\u00a0\u00bb{}\u00a0\u00bb][et_pb_divider show_divider=\u00a0\u00bboff\u00a0\u00bb _builder_version=\u00a0\u00bb4.27.4&Prime; _module_preset=\u00a0\u00bbdefault\u00a0\u00bb global_colors_info=\u00a0\u00bb{}\u00a0\u00bb][\/et_pb_divider][\/et_pb_column][\/et_pb_row][\/et_pb_section][et_pb_section fb_built=\u00a0\u00bb1&Prime; module_class=\u00a0\u00bbblue-banner\u00a0\u00bb _builder_version=\u00a0\u00bb4.21.0&Prime; _module_preset=\u00a0\u00bbdefault\u00a0\u00bb background_color=\u00a0\u00bb#0070B0&Prime; custom_padding=\u00a0\u00bb40px||40px||false|false\u00a0\u00bb global_colors_info=\u00a0\u00bb{}\u00a0\u00bb][et_pb_row _builder_version=\u00a0\u00bb4.21.0&Prime; _module_preset=\u00a0\u00bbdefault\u00a0\u00bb min_height=\u00a0\u00bb68.2px\u00a0\u00bb custom_margin=\u00a0\u00bb-29px|auto||auto||\u00a0\u00bb global_colors_info=\u00a0\u00bb{}\u00a0\u00bb][et_pb_column type=\u00a0\u00bb4_4&Prime; _builder_version=\u00a0\u00bb4.21.0&Prime; _module_preset=\u00a0\u00bbdefault\u00a0\u00bb global_colors_info=\u00a0\u00bb{}\u00a0\u00bb][et_pb_text _builder_version=\u00a0\u00bb4.27.4&Prime; _module_preset=\u00a0\u00bbdefault\u00a0\u00bb header_2_text_color=\u00a0\u00bb#FFFFFF\u00a0\u00bb background_enable_color=\u00a0\u00bboff\u00a0\u00bb global_colors_info=\u00a0\u00bb{}\u00a0\u00bb]<\/p>\n<h3><span style=\"color: #ffffff;\">Investir avec d\u00e9termination<\/span><\/h3>\n<p>[\/et_pb_text][\/et_pb_column][\/et_pb_row][\/et_pb_section][et_pb_section fb_built=\u00a0\u00bb1&Prime; _builder_version=\u00a0\u00bb4.27.4&Prime; _module_preset=\u00a0\u00bbdefault\u00a0\u00bb background_color=\u00a0\u00bb#FFFFFF\u00a0\u00bb custom_margin=\u00a0\u00bb-40px|||||\u00a0\u00bb global_colors_info=\u00a0\u00bb{}\u00a0\u00bb][et_pb_row use_custom_gutter=\u00a0\u00bbon\u00a0\u00bb _builder_version=\u00a0\u00bb4.21.0&Prime; _module_preset=\u00a0\u00bbdefault\u00a0\u00bb custom_margin=\u00a0\u00bb4px|auto||auto||\u00a0\u00bb global_colors_info=\u00a0\u00bb{}\u00a0\u00bb][et_pb_column type=\u00a0\u00bb4_4&Prime; _builder_version=\u00a0\u00bb4.21.0&Prime; _module_preset=\u00a0\u00bbdefault\u00a0\u00bb global_colors_info=\u00a0\u00bb{}\u00a0\u00bb][et_pb_text _builder_version=\u00a0\u00bb4.27.4&Prime; _module_preset=\u00a0\u00bbdefault\u00a0\u00bb global_colors_info=\u00a0\u00bb{}\u00a0\u00bb]<\/p>\n<p><span style=\"color: #000000;\">Depuis 2022, la Fondation Definity a engag\u00e9 9&nbsp;millions de dollars dans quatorze investissements \u00e0 impact qui g\u00e9n\u00e8rent intentionnellement un impact social et environnemental positif, conform\u00e9ment \u00e0 nos domaines prioritaires.<\/span><\/p>\n<p><span style=\"color: #000000;\">Nos investissements couvrent l&rsquo;ensemble du spectre de l&rsquo;impact en soutenant \u00e0 la fois des gestionnaires de fonds exp\u00e9riment\u00e9s et des gestionnaires de fonds d\u00e9butants issus de communaut\u00e9s sous-repr\u00e9sent\u00e9es, en d\u00e9ployant des capitaux dans de multiples cat\u00e9gories d&rsquo;actifs (y compris des fonds de capital-risque \u00e0 impact, des obligations communautaires et des financements ax\u00e9s sur les r\u00e9sultats) et en adoptant une gamme de rendements.<\/span><\/p>\n<p><span style=\"color: #000000;\">Afin de renforcer notre engagement en faveur de l&rsquo;impact, nous avons \u00e9galement mis \u00e0 jour notre \u00e9nonc\u00e9 de politique d&rsquo;investissement afin d&rsquo;int\u00e9grer les principales consid\u00e9rations environnementales, sociales et de gouvernance (ESG) dans l&rsquo;ensemble de notre portefeuille. Au cours des prochaines ann\u00e9es, nous continuerons d&rsquo;aligner nos investissements pour qu&rsquo;ils contribuent intentionnellement \u00e0&nbsp;: <\/span><\/p>\n<ol>\n<li><span style=\"color: #000000;\">\u00c9viter de nuire<\/span><\/li>\n<li><span style=\"color: #000000;\">Profiter aux parties prenantes li\u00e9es \u00e0 ces investissements, et<\/span><\/li>\n<li><span style=\"color: #000000;\">Contribuer \u00e0 des solutions dans nos domaines prioritaires.<\/span><\/li>\n<\/ol>\n<p><strong><\/strong><\/p>\n<p>[\/et_pb_text][\/et_pb_column][\/et_pb_row][\/et_pb_section]<\/p>\n","protected":false},"excerpt":{"rendered":"<p>Ancr\u00e9e dans nos valeurs de communaut\u00e9, de justice et d&rsquo;int\u00e9grit\u00e9, la Fondation Definity s&rsquo;efforce de corriger les in\u00e9galit\u00e9s historiques et actuelles. Nous sommes convaincus qu&rsquo;un changement durable est le fruit d&rsquo;une action coop\u00e9rative et collective. En travaillant ensemble, nous visons \u00e0 d\u00e9manteler les barri\u00e8res structurelles qui touchent de mani\u00e8re disproportionn\u00e9e les communaut\u00e9s confront\u00e9es \u00e0 des [&hellip;]<\/p>\n","protected":false},"author":5,"featured_media":0,"parent":0,"menu_order":0,"comment_status":"closed","ping_status":"closed","template":"","meta":{"_acf_changed":false,"_et_pb_use_builder":"on","_et_pb_old_content":"","_et_gb_content_width":"","footnotes":""},"class_list":["post-51604","page","type-page","status-publish","hentry"],"acf":[],"_links":{"self":[{"href":"https:\/\/definityfoundation.org\/fr\/wp-json\/wp\/v2\/pages\/51604","targetHints":{"allow":["GET"]}}],"collection":[{"href":"https:\/\/definityfoundation.org\/fr\/wp-json\/wp\/v2\/pages"}],"about":[{"href":"https:\/\/definityfoundation.org\/fr\/wp-json\/wp\/v2\/types\/page"}],"author":[{"embeddable":true,"href":"https:\/\/definityfoundation.org\/fr\/wp-json\/wp\/v2\/users\/5"}],"replies":[{"embeddable":true,"href":"https:\/\/definityfoundation.org\/fr\/wp-json\/wp\/v2\/comments?post=51604"}],"version-history":[{"count":56,"href":"https:\/\/definityfoundation.org\/fr\/wp-json\/wp\/v2\/pages\/51604\/revisions"}],"predecessor-version":[{"id":54522,"href":"https:\/\/definityfoundation.org\/fr\/wp-json\/wp\/v2\/pages\/51604\/revisions\/54522"}],"wp:attachment":[{"href":"https:\/\/definityfoundation.org\/fr\/wp-json\/wp\/v2\/media?parent=51604"}],"curies":[{"name":"wp","href":"https:\/\/api.w.org\/{rel}","templated":true}]}}