{"id":51600,"date":"2025-06-12T17:50:06","date_gmt":"2025-06-12T22:50:06","guid":{"rendered":"https:\/\/definityfoundation.org\/guide-de-mise-a-jour-du-site-internet\/"},"modified":"2025-06-12T17:50:07","modified_gmt":"2025-06-12T22:50:07","slug":"guide-de-mise-a-jour-du-site-internet","status":"publish","type":"page","link":"https:\/\/definityfoundation.org\/fr\/guide-de-mise-a-jour-du-site-internet\/","title":{"rendered":"Guide de mise \u00e0 jour du site Internet"},"content":{"rendered":"<p>[et_pb_section fb_built=\u00a0\u00bb1&Prime; custom_padding_last_edited=\u00a0\u00bbon|desktop\u00a0\u00bb admin_label=\u00a0\u00bbsection\u00a0\u00bb _builder_version=\u00a0\u00bb4.16&Prime; custom_padding_tablet=\u00a0\u00bb50px|0|50px|0&Prime; custom_padding_phone=\u00a0\u00bb\u00a0\u00bb transparent_background=\u00a0\u00bboff\u00a0\u00bb padding_mobile=\u00a0\u00bboff\u00a0\u00bb global_colors_info=\u00a0\u00bb{}\u00a0\u00bb][et_pb_row padding_mobile=\u00a0\u00bboff\u00a0\u00bb column_padding_mobile=\u00a0\u00bbon\u00a0\u00bb _builder_version=\u00a0\u00bb4.16&Prime; background_size=\u00a0\u00bbinitial\u00a0\u00bb background_position=\u00a0\u00bbtop_left\u00a0\u00bb background_repeat=\u00a0\u00bbrepeat\u00a0\u00bb global_colors_info=\u00a0\u00bb{}\u00a0\u00bb][et_pb_column type=\u00a0\u00bb4_4&Prime; _builder_version=\u00a0\u00bb4.16&Prime; custom_padding=\u00a0\u00bb|||\u00a0\u00bb global_colors_info=\u00a0\u00bb{}\u00a0\u00bb custom_padding__hover=\u00a0\u00bb|||\u00a0\u00bb][et_pb_text admin_label=\u00a0\u00bbWordpress manual\u00a0\u00bb _builder_version=\u00a0\u00bb4.16&Prime; background_color=\u00a0\u00bb#666666&Prime; background_size=\u00a0\u00bbinitial\u00a0\u00bb background_position=\u00a0\u00bbtop_left\u00a0\u00bb background_repeat=\u00a0\u00bbrepeat\u00a0\u00bb custom_padding=\u00a0\u00bb20px|30px|20px|30px\u00a0\u00bb use_border_color=\u00a0\u00bboff\u00a0\u00bb border_style=\u00a0\u00bbsolid\u00a0\u00bb global_colors_info=\u00a0\u00bb{}\u00a0\u00bb]<\/p>\n<h1><strong><a style=\"color: #fff;\" href=\"http:\/\/easywpguide.com\/wordpress-manual\/\" target=\"_blank\" rel=\"noopener\">Guide WordPress (en ligne) <img loading=\"lazy\" decoding=\"async\" class=\"alignnone size-medium wp-image-2374\" style=\"vertical-align: text-top;\" src=\"https:\/\/definityfoundation.org\/wp-content\/uploads\/EasyWPGuideLogo-v2-300x47-300x47.png\" alt=\"easywpguidelogo-v2-300x47\" width=\"300\" height=\"47\"><\/a><\/strong><\/h1>\n<p>[\/et_pb_text][\/et_pb_column][\/et_pb_row][et_pb_row padding_mobile=\u00a0\u00bboff\u00a0\u00bb column_padding_mobile=\u00a0\u00bbon\u00a0\u00bb _builder_version=\u00a0\u00bb4.16&Prime; background_size=\u00a0\u00bbinitial\u00a0\u00bb background_position=\u00a0\u00bbtop_left\u00a0\u00bb background_repeat=\u00a0\u00bbrepeat\u00a0\u00bb custom_padding=\u00a0\u00bb0px||0px|\u00a0\u00bb global_colors_info=\u00a0\u00bb{}\u00a0\u00bb column_structure=\u00a0\u00bb1_2,1_2&Prime;][et_pb_column type=\u00a0\u00bb1_2&Prime; _builder_version=\u00a0\u00bb4.16&Prime; custom_padding=\u00a0\u00bb|||\u00a0\u00bb global_colors_info=\u00a0\u00bb{}\u00a0\u00bb custom_padding__hover=\u00a0\u00bb|||\u00a0\u00bb][et_pb_text admin_label=\u00a0\u00bbDIVI theme documentation\u00a0\u00bb _builder_version=\u00a0\u00bb4.16&Prime; background_size=\u00a0\u00bbinitial\u00a0\u00bb background_position=\u00a0\u00bbtop_left\u00a0\u00bb background_repeat=\u00a0\u00bbrepeat\u00a0\u00bb custom_padding=\u00a0\u00bb|30px||30px\u00a0\u00bb border_style=\u00a0\u00bbsolid\u00a0\u00bb global_colors_info=\u00a0\u00bb{}\u00a0\u00bb]<\/p>\n<h3><a href=\"https:\/\/www.elegantthemes.com\/documentation\/divi\/\" target=\"_blank\" rel=\"noopener\">Documentation du th\u00e8me DIVI &#8211; utilisation de l&rsquo;\u00e9diteur<\/a><\/h3>\n<ul>\n<li><a href=\"http:\/\/easywpguide.com\/wordpress-manual\/posts-versus-pages\/\" target=\"_blank\" rel=\"noopener\">Pages vs articles<\/a> &#8211; <a href=\"http:\/\/easywpguide.com\/wordpress-manual\/adding-your-site-content\/adding-a-new-page\/\" target=\"_blank\" rel=\"noopener\">ajout d&rsquo;une page<\/a> &#8211; <a href=\"http:\/\/easywpguide.com\/wordpress-manual\/adding-your-site-content\/adding-a-new-post\/\" target=\"_blank\" rel=\"noopener\">ajout d&rsquo;un article<\/a><\/li>\n<li><a href=\"#post-page\">Cr\u00e9ation d&rsquo;une page ou d&rsquo;un article bilingue (Actualit\u00e9s, \u00c9v\u00e9nement ou R\u00e9cit d&rsquo;impact) <\/a><\/li>\n<li><a href=\"#categories\">Utilisation des cat\u00e9gories d&rsquo;articles pour les Actualit\u00e9s, les \u00c9v\u00e9nements et les R\u00e9cits d&rsquo;impact<\/a><\/li>\n<\/ul>\n<p>[\/et_pb_text][\/et_pb_column][et_pb_column type=\u00a0\u00bb1_2&Prime; _builder_version=\u00a0\u00bb4.16&Prime; custom_padding=\u00a0\u00bb|||\u00a0\u00bb global_colors_info=\u00a0\u00bb{}\u00a0\u00bb custom_padding__hover=\u00a0\u00bb|||\u00a0\u00bb][et_pb_text admin_label=\u00a0\u00bblinks\u00a0\u00bb _builder_version=\u00a0\u00bb4.16&Prime; background_size=\u00a0\u00bbinitial\u00a0\u00bb background_position=\u00a0\u00bbtop_left\u00a0\u00bb background_repeat=\u00a0\u00bbrepeat\u00a0\u00bb custom_padding=\u00a0\u00bb|30px||30px\u00a0\u00bb use_border_color=\u00a0\u00bboff\u00a0\u00bb border_style=\u00a0\u00bbsolid\u00a0\u00bb global_colors_info=\u00a0\u00bb{}\u00a0\u00bb]<\/p>\n<ul>\n<li><a href=\"#testimonials\">Ajout de t\u00e9moignages<\/a><\/li>\n<li><a href=\"#global\">\u00c9dition des modules globaux<\/a><\/li>\n<\/ul>\n<p>[\/et_pb_text][\/et_pb_column][\/et_pb_row][et_pb_row padding_mobile=\u00a0\u00bboff\u00a0\u00bb column_padding_mobile=\u00a0\u00bbon\u00a0\u00bb admin_label=\u00a0\u00bbrang\u00e9e\u00a0\u00bb _builder_version=\u00a0\u00bb4.16&Prime; background_size=\u00a0\u00bbinitial\u00a0\u00bb background_position=\u00a0\u00bbtop_left\u00a0\u00bb background_repeat=\u00a0\u00bbrepeat\u00a0\u00bb global_colors_info=\u00a0\u00bb{}\u00a0\u00bb column_structure=\u00a0\u00bb1_2,1_2&Prime;][et_pb_column type=\u00a0\u00bb1_2&Prime; _builder_version=\u00a0\u00bb4.16&Prime; custom_padding=\u00a0\u00bb|||\u00a0\u00bb global_colors_info=\u00a0\u00bb{}\u00a0\u00bb custom_padding__hover=\u00a0\u00bb|||\u00a0\u00bb][et_pb_text _builder_version=\u00a0\u00bb4.16&Prime; background_size=\u00a0\u00bbinitial\u00a0\u00bb background_position=\u00a0\u00bbtop_left\u00a0\u00bb background_repeat=\u00a0\u00bbrepeat\u00a0\u00bb use_border_color=\u00a0\u00bboff\u00a0\u00bb border_style=\u00a0\u00bbsolid\u00a0\u00bb global_colors_info=\u00a0\u00bb{}\u00a0\u00bb]<\/p>\n<h2>Tailles d&rsquo;images &#8211; en pixels<\/h2>\n<p>Diaporama &#8211; 1200 x 350px Image de la page d&rsquo;accueil &#8211; 600 x 400 Image h\u00e9ro\u00efque de la page interne &#8211; 830 x 330<\/p>\n<ul>\n<li>Image de colonne pleine largeur &#8211; 1100 x 320 (quelconque)\n<ul>\n<li>Image 2\/3 735 x quelconque<\/li>\n<li>Image 1\/2 550 x quelconque<\/li>\n<li>Image 1\/3 368 x quelconque<\/li>\n<li>Image 1\/4 275 x quelconque<\/li>\n<\/ul>\n<\/li>\n<li>Image de colonne 3\/4 &#8211; 830 x 330 (quelconque)\n<ul>\n<li>620 &#8211; 410 &#8211; 200<\/li>\n<\/ul>\n<\/li>\n<li>Projets actuels 600 x 400<\/li>\n<li>Couvertures de publications 426 x 550<\/li>\n<\/ul>\n<p>Lorem ipsum dolor sit amet, <a title=\"lien de test\" href=\"#\">lien de test<\/a> adipiscing elit. <strong>Ceci est en gras.<\/strong> Nullam dignissim convallis est. Quisque aliquam. <em>Ceci est en italique.<\/em> Donec faucibus. Nunc iaculis suscipit dui. 5<sup>3<\/sup> = 125. L&rsquo;eau est H<sub>2<\/sub>O. Nam sit amet sem. Aliquam libero nisi, imperdiet at, tincidunt nec, gravida vehicula, nisl. <cite>The New York Times<\/cite> (C&rsquo;est une citation). <span style=\"text-decoration: underline;\">Soulign\u00e9.<\/span> Maecenas ornare tortor. Donec sed tellus eget sapien fringilla nonummy. Mauris a ante. Suspendisse quam sem, consequat at, commodo vitae, feugiat in, nunc. Morbi imperdiet augue quis tellus. <abbr title=\"Langage de balisage hypertexte\">HTML<\/abbr> et <abbr title=\"Feuilles de style en cascade\">CSS<\/abbr> sont nos outils. Mauris a ante. Suspendisse quam sem, consequat at, commodo vitae, feugiat in, nunc. Morbi imperdiet augue quis tellus. Praesent mattis, massa quis luctus fermentum, turpis mi volutpat justo, eu volutpat enim diam eget metus. Pour copier un fichier, tapez <code>COPY <var>filename<\/var><\/code>. <del>Le d\u00eener est \u00e0 17h00.<\/del><ins>Changeons cela pour 19h00.<\/ins> Ce <span style=\"text-decoration: line-through;\">texte<\/span> a \u00e9t\u00e9 barr\u00e9.            <\/p>\n<h2>Types de listes<\/h2>\n<h3>Liste de d\u00e9finitions<\/h3>\n<dl>\n<dt>Titre de la liste de d\u00e9finitions<\/dt>\n<dd>Ceci est une division de liste de d\u00e9finitions.<\/dd>\n<dt>D\u00e9finition<\/dt>\n<dd>Une d\u00e9claration ou description exacte de la nature, de la port\u00e9e ou de la signification de quelque chose : <em>notre d\u00e9finition de ce qui constitue la po\u00e9sie.<\/em><\/dd>\n<\/dl>\n<h3>Liste ordonn\u00e9e<\/h3>\n<ol>\n<li>\u00c9l\u00e9ment de liste 1<\/li>\n<li>\u00c9l\u00e9ment de liste 2\n<ol>\n<li>\u00c9l\u00e9ment de liste imbriqu\u00e9 A<\/li>\n<li>\u00c9l\u00e9ment de liste imbriqu\u00e9 B<\/li>\n<\/ol>\n<\/li>\n<li>\u00c9l\u00e9ment de liste 3<\/li>\n<\/ol>\n<h3>Liste non ordonn\u00e9e<\/h3>\n<ul>\n<li>\u00c9l\u00e9ment de liste 1<\/li>\n<li>\u00c9l\u00e9ment de liste 2\n<ul>\n<li>\u00c9l\u00e9ment de liste imbriqu\u00e9 A<\/li>\n<li>\u00c9l\u00e9ment de liste imbriqu\u00e9 B<\/li>\n<\/ul>\n<\/li>\n<li>\u00c9l\u00e9ment de liste 3<\/li>\n<\/ul>\n<p>[\/et_pb_text][\/et_pb_column][et_pb_column type=\u00a0\u00bb1_2&Prime; _builder_version=\u00a0\u00bb4.16&Prime; custom_padding=\u00a0\u00bb|||\u00a0\u00bb global_colors_info=\u00a0\u00bb{}\u00a0\u00bb custom_padding__hover=\u00a0\u00bb|||\u00a0\u00bb][et_pb_text _builder_version=\u00a0\u00bb4.16&Prime; background_size=\u00a0\u00bbinitial\u00a0\u00bb background_position=\u00a0\u00bbtop_left\u00a0\u00bb background_repeat=\u00a0\u00bbrepeat\u00a0\u00bb use_border_color=\u00a0\u00bboff\u00a0\u00bb border_color=\u00a0\u00bb#ffffff\u00a0\u00bb border_style=\u00a0\u00bbsolid\u00a0\u00bb global_colors_info=\u00a0\u00bb{}\u00a0\u00bb]<\/p>\n<h2>Tableau<\/h2>\n<table>\n<tbody>\n<tr>\n<th>Clair<\/th>\n<th>Moyen<\/th>\n<th>Fonc\u00e9<\/th>\n<\/tr>\n<tr>\n<td bgcolor=\"#BD4488\">BD4488<\/td>\n<td bgcolor=\"#E72D25\">E72D25<\/td>\n<td bgcolor=\"#52002E\"><span style=\"color: #ffffff;\">52002E<\/span><\/td>\n<\/tr>\n<tr>\n<td bgcolor=\"#F0C30B\">F0C30B<\/td>\n<td bgcolor=\"#BF9900\">BF9900<\/td>\n<td bgcolor=\"#9C7D00\"><span style=\"color: #ffffff;\">9C7D00<\/span><\/td>\n<\/tr>\n<tr>\n<td bgcolor=\"#41AAE6\">41AAE6<\/td>\n<td bgcolor=\"#096D82\">096D82<\/td>\n<td bgcolor=\"#14499A\"><span style=\"color: #ffffff;\">14499A<\/span><\/td>\n<\/tr>\n<tr>\n<td bgcolor=\"#666666\">666666<\/td>\n<td bgcolor=\"#333333\">333333<\/td>\n<td bgcolor=\"#222222\"><span style=\"color: #ffffff;\">222222<\/span><\/td>\n<\/tr>\n<\/tbody>\n<\/table>\n<p>Ci-dessous se trouve pratiquement chaque \u00e9l\u00e9ment <abbr title=\"Langage de balisage hypertexte\">HTML<\/abbr> que vous pourriez vouloir utiliser dans vos articles de blog. V\u00e9rifiez le code source pour voir les nombreux \u00e9l\u00e9ments int\u00e9gr\u00e9s dans les paragraphes. <\/p>\n<h1>Titre 1<\/h1>\n<h2>Titre 2<\/h2>\n<h3>Titre 3<\/h3>\n<h4>Titre 4<\/h4>\n<h5>Titre 5<\/h5>\n<h6>Titre 6<\/h6>\n<h2>Texte pr\u00e9format\u00e9<\/h2>\n<p>Typographiquement, le texte pr\u00e9format\u00e9 n&rsquo;est pas la m\u00eame chose que le code. Parfois, une ex\u00e9cution fid\u00e8le du texte n\u00e9cessite un texte pr\u00e9format\u00e9 qui peut n&rsquo;avoir rien \u00e0 voir avec le code. Par exemple :  <\/p>\n<pre>\u201cBeware the Jabberwock, my son!\r\n    The jaws that bite, the claws that catch!\r\nBeware the Jubjub bird, and shun\r\n    The frumious Bandersnatch!\u201d<\/pre>\n<h3>Code<\/h3>\n<p>Le code peut \u00eatre pr\u00e9sent\u00e9 en ligne, comme <code>&lt;?php bloginfo('stylesheet_url'); ?&gt;<\/code>, ou dans un bloc <code>&lt;pre&gt;<\/code> .<\/p>\n<pre><code>#container { float: left; margin: 0 -240px 0 0; width: 100%; }<\/code><\/pre>\n<h2>Citations<\/h2>\n<p>Gardons les choses simples.<\/p>\n<blockquote><p>Bonjour, messieurs. Je suis un ordinateur HAL 9000. Je suis devenu op\u00e9rationnel \u00e0 l&rsquo;usine H.A.L. \u00e0 Urbana, Illinois, le 12 janvier 1992. Mon instructeur \u00e9tait M. Langley, et il m&rsquo;a appris \u00e0 chanter une chanson. Si vous le souhaitez, je peux vous la chanter. <cite>\u2014 <a href=\"http:\/\/en.wikipedia.org\/wiki\/HAL_9000\">HAL 9000<\/a><\/cite>    <\/p><\/blockquote>\n<p>Et voici un peu de texte de conclusion.<br \/>\n[\/et_pb_text][\/et_pb_column][\/et_pb_row][et_pb_row padding_mobile=\u00a0\u00bboff\u00a0\u00bb column_padding_mobile=\u00a0\u00bbon\u00a0\u00bb admin_label=\u00a0\u00bbrang\u00e9e\u00a0\u00bb _builder_version=\u00a0\u00bb4.16&Prime; background_size=\u00a0\u00bbinitial\u00a0\u00bb background_position=\u00a0\u00bbtop_left\u00a0\u00bb background_repeat=\u00a0\u00bbrepeat\u00a0\u00bb global_colors_info=\u00a0\u00bb{}\u00a0\u00bb column_structure=\u00a0\u00bb1_2,1_2&Prime;][et_pb_column type=\u00a0\u00bb1_2&Prime; _builder_version=\u00a0\u00bb4.16&Prime; custom_padding=\u00a0\u00bb|||\u00a0\u00bb global_colors_info=\u00a0\u00bb{}\u00a0\u00bb custom_padding__hover=\u00a0\u00bb|||\u00a0\u00bb][et_pb_text admin_label=\u00a0\u00bbPage or post\u00a0\u00bb _builder_version=\u00a0\u00bb4.16&Prime; background_size=\u00a0\u00bbinitial\u00a0\u00bb background_position=\u00a0\u00bbtop_left\u00a0\u00bb background_repeat=\u00a0\u00bbrepeat\u00a0\u00bb use_border_color=\u00a0\u00bboff\u00a0\u00bb border_style=\u00a0\u00bbsolid\u00a0\u00bb global_colors_info=\u00a0\u00bb{}\u00a0\u00bb]<a name=\"post-page\"><\/a><\/p>\n<h2>Cr\u00e9ation d&rsquo;un article ou d&rsquo;une page<\/h2>\n<p>Lors de la cr\u00e9ation d&rsquo;un article (le plus souvent) ou d&rsquo;une page (rarement), ajoutez <strong>la premi\u00e8re langue en anglais<\/strong> dans la mesure du possible. <img loading=\"lazy\" decoding=\"async\" class=\"size-full wp-image-3444 alignnone\" src=\"https:\/\/definityfoundation.org\/wp-content\/uploads\/b-add-new.png\" alt=\"b-add-new\" width=\"113\" height=\"29\">  Une fois que votre article\/page est pr\u00eat(e), <strong>cr\u00e9ez un duplicata<\/strong> afin d&rsquo;avoir une copie en fran\u00e7ais.<\/p>\n<p style=\"padding-left: 30px;\"><img loading=\"lazy\" decoding=\"async\" class=\"alignnone wp-image-3450 size-medium\" src=\"https:\/\/definityfoundation.org\/wp-content\/uploads\/b-duplicate-204x300.png\" alt=\"b-duplicate\" width=\"204\" height=\"300\"><\/p>\n<p>Vous pouvez maintenant <strong>cliquer sur le crayon<\/strong> pour <strong>\u00e9diter<\/strong> la version fran\u00e7aise.<\/p>\n<p style=\"padding-left: 30px;\"><img loading=\"lazy\" decoding=\"async\" class=\"alignnone wp-image-3452\" src=\"https:\/\/definityfoundation.org\/wp-content\/uploads\/b-pencil.png\" alt=\"b-pencil\" width=\"200\" height=\"99\"><\/p>\n<p>Assurez-vous d&rsquo;appuyer sur le bouton <strong>Traduire ind\u00e9pendamment<\/strong> <strong>avant<\/strong> d&rsquo;\u00e9diter la page.<\/p>\n<p style=\"padding-left: 30px;\"><img loading=\"lazy\" decoding=\"async\" class=\"wp-image-3454 alignnone\" src=\"https:\/\/definityfoundation.org\/wp-content\/uploads\/b-translate.png\" alt=\"b-translate\" width=\"200\" height=\"135\"><\/p>\n<p>\u00c0 pr\u00e9sent, la langue devrait appara\u00eetre ainsi.<\/p>\n<p style=\"padding-left: 30px;\"><img loading=\"lazy\" decoding=\"async\" class=\"alignnone wp-image-3456\" src=\"https:\/\/definityfoundation.org\/wp-content\/uploads\/translation.png\" alt=\"translation\" width=\"200\" height=\"131\"><\/p>\n<p>Ensuite, modifiez le titre de la page et n&rsquo;oubliez pas de changer le <strong>Permalink<\/strong> en dessous en appuyant sur le bouton d&rsquo;\u00e9dition et en effa\u00e7ant le nom de la page. Lorsque vous appliquerez le changement, WordPress renommera la page en utilisant le nouveau titre. <\/p>\n<p style=\"padding-left: 30px;\"><img loading=\"lazy\" decoding=\"async\" class=\"alignnone wp-image-3459 size-medium\" src=\"https:\/\/definityfoundation.org\/wp-content\/uploads\/permalink-300x54.png\" alt=\"permalink\" width=\"300\" height=\"54\"><\/p>\n<p>[\/et_pb_text][\/et_pb_column][et_pb_column type=\u00a0\u00bb1_2&Prime; _builder_version=\u00a0\u00bb4.16&Prime; custom_padding=\u00a0\u00bb|||\u00a0\u00bb global_colors_info=\u00a0\u00bb{}\u00a0\u00bb custom_padding__hover=\u00a0\u00bb|||\u00a0\u00bb][et_pb_text admin_label=\u00a0\u00bbPost categories\u00a0\u00bb _builder_version=\u00a0\u00bb4.16&Prime; background_size=\u00a0\u00bbinitial\u00a0\u00bb background_position=\u00a0\u00bbtop_left\u00a0\u00bb background_repeat=\u00a0\u00bbrepeat\u00a0\u00bb use_border_color=\u00a0\u00bboff\u00a0\u00bb border_color=\u00a0\u00bb#ffffff\u00a0\u00bb border_style=\u00a0\u00bbsolid\u00a0\u00bb global_colors_info=\u00a0\u00bb{}\u00a0\u00bb]<a name=\"categories\"><\/a><\/p>\n<h2>Utilisation des cat\u00e9gories d&rsquo;articles pour les actualit\u00e9s, les \u00e9v\u00e9nements et les r\u00e9cits<\/h2>\n<p><img loading=\"lazy\" decoding=\"async\" class=\"size-full wp-image-3646 alignright\" src=\"https:\/\/definityfoundation.org\/wp-content\/uploads\/posts.png\" alt=\"posts\" width=\"156\" height=\"122\">En utilisant les cat\u00e9gories, vous \u00eates en mesure de les s\u00e9parer sur leurs pages respectives du site web. Voici les pages actuelles et leurs cat\u00e9gories sur le site. <\/p>\n<ul>\n<li>Actualit\u00e9s<\/li>\n<li>\u00c9v\u00e9nements<\/li>\n<li>Histoires<\/li>\n<li>Ajoutez d&rsquo;autres cat\u00e9gories selon vos besoins<\/li>\n<\/ul>\n<p>Lorsque vous souhaitez ajouter une nouvelle cat\u00e9gorie, n&rsquo;oubliez pas d&rsquo;ajouter la seconde langue correspondante (FR).<\/p>\n<p style=\"padding-left: 30px;\"><img loading=\"lazy\" decoding=\"async\" class=\"size-full wp-image-3650 alignnone\" src=\"https:\/\/definityfoundation.org\/wp-content\/uploads\/Screen-Shot-2016-11-30-at-6.00.28-PM.png\" alt=\"screen-shot-2016-11-30-at-6-00-28-pm\" width=\"154\" height=\"156\"><\/p>\n<p>[\/et_pb_text][et_pb_video src=\u00a0\u00bbhttps:\/\/www.youtube.com\/watch?v=VavYuxpu2Nc\u00a0\u00bb admin_label=\u00a0\u00bbVideo Tutorial\u00a0\u00bb _builder_version=\u00a0\u00bb4.16&Prime; global_colors_info=\u00a0\u00bb{}\u00a0\u00bb][\/et_pb_video][\/et_pb_column][\/et_pb_row][et_pb_row padding_mobile=\u00a0\u00bboff\u00a0\u00bb column_padding_mobile=\u00a0\u00bbon\u00a0\u00bb admin_label=\u00a0\u00bbrang\u00e9e\u00a0\u00bb _builder_version=\u00a0\u00bb4.16&Prime; background_size=\u00a0\u00bbinitial\u00a0\u00bb background_position=\u00a0\u00bbtop_left\u00a0\u00bb background_repeat=\u00a0\u00bbrepeat\u00a0\u00bb global_colors_info=\u00a0\u00bb{}\u00a0\u00bb column_structure=\u00a0\u00bb1_2,1_2&Prime;][et_pb_column type=\u00a0\u00bb1_2&Prime; _builder_version=\u00a0\u00bb4.16&Prime; custom_padding=\u00a0\u00bb|||\u00a0\u00bb global_colors_info=\u00a0\u00bb{}\u00a0\u00bb custom_padding__hover=\u00a0\u00bb|||\u00a0\u00bb][et_pb_text admin_label=\u00a0\u00bbGlobal module\u00a0\u00bb _builder_version=\u00a0\u00bb4.16&Prime; background_size=\u00a0\u00bbinitial\u00a0\u00bb background_position=\u00a0\u00bbtop_left\u00a0\u00bb background_repeat=\u00a0\u00bbrepeat\u00a0\u00bb use_border_color=\u00a0\u00bboff\u00a0\u00bb border_style=\u00a0\u00bbsolid\u00a0\u00bb global_colors_info=\u00a0\u00bb{}\u00a0\u00bb]<a name=\"global\"><\/a><\/p>\n<h2>\u00c9dition des modules globaux<\/h2>\n<p>Si le module est vert clair <img loading=\"lazy\" decoding=\"async\" class=\"alignnone wp-image-3442\" src=\"https:\/\/definityfoundation.org\/wp-content\/uploads\/global-module.png\" alt=\"global-module\" width=\"120\" height=\"21\"> <strong>n&rsquo;\u00e9ditez pas<\/strong> ce module dans le constructeur de page, vous devez l&rsquo;\u00e9diter \u00e0 partir de la biblioth\u00e8que Divi.<\/p>\n<p style=\"padding-left: 30px;\"><img loading=\"lazy\" decoding=\"async\" class=\"size-full wp-image-3440 alignnone\" src=\"https:\/\/definityfoundation.org\/wp-content\/uploads\/divi-library.png\" alt=\"divi-library\" width=\"326\" height=\"198\"><\/p>\n<p>[\/et_pb_text][\/et_pb_column][et_pb_column type=\u00a0\u00bb1_2&Prime; _builder_version=\u00a0\u00bb4.16&Prime; custom_padding=\u00a0\u00bb|||\u00a0\u00bb global_colors_info=\u00a0\u00bb{}\u00a0\u00bb custom_padding__hover=\u00a0\u00bb|||\u00a0\u00bb][et_pb_text admin_label=\u00a0\u00bbTestimonials\u00a0\u00bb _builder_version=\u00a0\u00bb4.16&Prime; background_size=\u00a0\u00bbinitial\u00a0\u00bb background_position=\u00a0\u00bbtop_left\u00a0\u00bb background_repeat=\u00a0\u00bbrepeat\u00a0\u00bb use_border_color=\u00a0\u00bboff\u00a0\u00bb border_style=\u00a0\u00bbsolid\u00a0\u00bb global_colors_info=\u00a0\u00bb{}\u00a0\u00bb]<a name=\"testimonials\"><\/a><\/p>\n<h2>T\u00e9moignages<\/h2>\n<p>Ouvrez le module T\u00e9moignage.<\/p>\n<p style=\"padding-left: 30px;\"> <img loading=\"lazy\" decoding=\"async\" class=\"alignnone size-medium wp-image-2410\" src=\"https:\/\/definityfoundation.org\/wp-content\/uploads\/testimonial-module-300x66.png\" alt=\"testimonial-module\" width=\"300\" height=\"66\"><\/p>\n<p>Ajoutez l&rsquo;auteur, le poste et l&rsquo;entreprise.<\/p>\n<p style=\"padding-left: 30px;\"><img loading=\"lazy\" decoding=\"async\" class=\"alignnone size-medium wp-image-2412\" src=\"https:\/\/definityfoundation.org\/wp-content\/uploads\/testimonial-titles-300x135.png\" alt=\"testimonial-titles\" width=\"300\" height=\"135\"><\/p>\n<p>Ajoutez le corps du texte.<\/p>\n<p style=\"padding-left: 30px;\"><img loading=\"lazy\" decoding=\"async\" class=\"alignnone size-medium wp-image-2408\" src=\"https:\/\/definityfoundation.org\/wp-content\/uploads\/testimonial-content-300x143.png\" alt=\"testimonial-content\" width=\"300\" height=\"143\"><\/p>\n<p>[\/et_pb_text][\/et_pb_column][\/et_pb_row][\/et_pb_section]<\/p>\n","protected":false},"excerpt":{"rendered":"<p>Guide WordPress (en ligne) Documentation du th\u00e8me DIVI &#8211; utilisation de l&rsquo;\u00e9diteur Pages vs articles &#8211; ajout d&rsquo;une page &#8211; ajout d&rsquo;un article Cr\u00e9ation d&rsquo;une page ou d&rsquo;un article bilingue (Actualit\u00e9s, \u00c9v\u00e9nement ou R\u00e9cit d&rsquo;impact) Utilisation des cat\u00e9gories d&rsquo;articles pour les Actualit\u00e9s, les \u00c9v\u00e9nements et les R\u00e9cits d&rsquo;impact Ajout de t\u00e9moignages \u00c9dition des modules globaux [&hellip;]<\/p>\n","protected":false},"author":5,"featured_media":0,"parent":0,"menu_order":0,"comment_status":"closed","ping_status":"closed","template":"","meta":{"_acf_changed":false,"_et_pb_use_builder":"on","_et_pb_old_content":"","_et_gb_content_width":"","footnotes":""},"class_list":["post-51600","page","type-page","status-publish","hentry"],"acf":[],"_links":{"self":[{"href":"https:\/\/definityfoundation.org\/fr\/wp-json\/wp\/v2\/pages\/51600","targetHints":{"allow":["GET"]}}],"collection":[{"href":"https:\/\/definityfoundation.org\/fr\/wp-json\/wp\/v2\/pages"}],"about":[{"href":"https:\/\/definityfoundation.org\/fr\/wp-json\/wp\/v2\/types\/page"}],"author":[{"embeddable":true,"href":"https:\/\/definityfoundation.org\/fr\/wp-json\/wp\/v2\/users\/5"}],"replies":[{"embeddable":true,"href":"https:\/\/definityfoundation.org\/fr\/wp-json\/wp\/v2\/comments?post=51600"}],"version-history":[{"count":3,"href":"https:\/\/definityfoundation.org\/fr\/wp-json\/wp\/v2\/pages\/51600\/revisions"}],"predecessor-version":[{"id":51603,"href":"https:\/\/definityfoundation.org\/fr\/wp-json\/wp\/v2\/pages\/51600\/revisions\/51603"}],"wp:attachment":[{"href":"https:\/\/definityfoundation.org\/fr\/wp-json\/wp\/v2\/media?parent=51600"}],"curies":[{"name":"wp","href":"https:\/\/api.w.org\/{rel}","templated":true}]}}