{"id":51525,"date":"2025-06-12T17:49:08","date_gmt":"2025-06-12T22:49:08","guid":{"rendered":"https:\/\/definityfoundation.org\/reflexions-sur-deux-annees-dengagement\/"},"modified":"2025-06-12T17:49:08","modified_gmt":"2025-06-12T22:49:08","slug":"reflexions-sur-deux-annees-dengagement","status":"publish","type":"page","link":"https:\/\/definityfoundation.org\/fr\/reflexions-sur-deux-annees-dengagement\/","title":{"rendered":"R\u00e9flexions sur deux ann\u00e9es d&rsquo;engagement"},"content":{"rendered":"<p><img loading=\"lazy\" decoding=\"async\" class=\"alignright wp-image-50862\" src=\"https:\/\/definityfoundation.org\/wp-content\/uploads\/\/3-1-300x300.png\" alt=\"\" width=\"139\" height=\"139\" srcset=\"https:\/\/definityfoundation.org\/wp-content\/uploads\/3-1-300x300.png 300w, https:\/\/definityfoundation.org\/wp-content\/uploads\/3-1-1024x1024.png 1024w, https:\/\/definityfoundation.org\/wp-content\/uploads\/3-1-150x150.png 150w, https:\/\/definityfoundation.org\/wp-content\/uploads\/3-1-768x768.png 768w, https:\/\/definityfoundation.org\/wp-content\/uploads\/3-1-980x980.png 980w, https:\/\/definityfoundation.org\/wp-content\/uploads\/3-1-480x480.png 480w, https:\/\/definityfoundation.org\/wp-content\/uploads\/3-1.png 1080w\" sizes=\"(max-width: 139px) 100vw, 139px\" \/>Au cours des deux derni\u00e8res ann\u00e9es, notre \u00e9quipe \u00e0 la Fondation Definity a accord\u00e9 la priorit\u00e9 \u00e0 l&rsquo;apprentissage en nous immergeant dans de nombreux r\u00e9seaux, rassemblements, webinaires, et en nous engageant dans la recherche et en \u00e9tablissant des liens avec des d\u00e9tenteurs de connaissances pour explorer les questions li\u00e9es \u00e0 la philanthropie, aux syst\u00e8mes alimentaires, \u00e0 l&rsquo;action climatique et au secteur \u00e0 vocation sociale.<\/p>\n<p>Afin de mieux comprendre l&rsquo;\u00e9tendue de notre apprentissage, nous avons command\u00e9 un rapport de synth\u00e8se pour nous aider \u00e0 donner un sens \u00e0 tous les enseignements que nous avons recueillis. Les th\u00e8mes et concepts qui en r\u00e9sultent nous ont fourni une image plus claire des intersections au sein de ces secteurs et de la mani\u00e8re dont ils sont li\u00e9s les uns aux autres. <\/p>\n<p>Nous reconnaissons que ce n&rsquo;est que le d\u00e9but. Ces enseignements serviront de fondement \u00e0 notre approche de la feuille de route \u00e0 l&rsquo;avenir. Ils \u00e9claireront nos d\u00e9cisions, guideront nos strat\u00e9gies et nous aideront \u00e0 rester attentifs aux complexit\u00e9s et aux opportunit\u00e9s dans ces domaines. Notre objectif est de laisser notre apprentissage continuer \u00e0 se d\u00e9velopper et \u00e0 influencer notre travail de mani\u00e8re significative.   <\/p>\n<p>Nous partageons ici notre interpr\u00e9tation de cet apprentissage. En distillant les enseignements en 5 points essentiels compr\u00e9hensibles et en les partageant avec nos r\u00e9seaux, nous contribuons \u00e0 une compr\u00e9hension plus large de la voie \u00e0 suivre. <\/p>\n<ol>\n<li><strong>D\u00e9fis et opportunit\u00e9s dans le secteur \u00e0 vocation sociale<\/strong><\/li>\n<\/ol>\n<p>Le secteur \u00e0 vocation sociale, essentiel au bien-\u00eatre du Canada, fait face \u00e0 des d\u00e9fis importants. L&rsquo;un des plus pressants est le <\/p>\n<p>De plus, le financement dans le secteur est souvent concentr\u00e9 dans de grandes organisations \u00e9tablies, laissant les initiatives plus petites et de base sans ressources ad\u00e9quates. Une structure de financement \u00ab winner-takes-most \u00bb limite la capacit\u00e9 d&rsquo;innovation et marginalise les communaut\u00e9s qui ont le plus besoin de soutien. S&rsquo;orienter vers des subventions pluriannuelles et flexibles, comme celles promues par Definity, pourrait favoriser des relations plus solides et plus collaboratives entre les bailleurs de fonds et les b\u00e9n\u00e9ficiaires, soutenant ainsi des solutions \u00e0 long terme \u00e0 des probl\u00e8mes sociaux complexes.  <\/p>\n<p>Enfin, la d\u00e9pendance du secteur \u00e0 un petit groupe de donateurs fortun\u00e9s cr\u00e9e une vuln\u00e9rabilit\u00e9 \u00e0 leurs pr\u00e9f\u00e9rences, qui peuvent parfois prioriser les croyances personnelles plut\u00f4t que les interventions fond\u00e9es sur des preuves. Diversifier les sources de financement, explorer la finance sociale et impliquer les jeunes g\u00e9n\u00e9rations sont essentiels pour relever ces d\u00e9fis. Cependant, il est important d&rsquo;examiner soigneusement ces options pour s&rsquo;assurer qu&rsquo;elles ne perp\u00e9tuent pas les in\u00e9galit\u00e9s existantes.  <\/p>\n<ol start=\"2\">\n<li><strong>La crise de la souverainet\u00e9 alimentaire au Canada<\/strong><\/li>\n<\/ol>\n<p>La souverainet\u00e9 alimentaire du Canada s&rsquo;est \u00e9rod\u00e9e au cours des deux derni\u00e8res d\u00e9cennies, conduisant \u00e0 une d\u00e9pendance croissante \u00e0 l&rsquo;\u00e9gard des aliments import\u00e9s. Plus de 65 % de notre nourriture parcourt de longues distances, contribuant aux dommages environnementaux et d\u00e9connectant les syst\u00e8mes alimentaires locaux des personnes qui en d\u00e9pendent. Les oligopoles dominent l&rsquo;industrie alimentaire, \u00e9touffant le potentiel des entreprises r\u00e9gionales plus petites et des solutions alimentaires innovantes. Les politiques gouvernementales favorisent souvent les grandes entreprises, cr\u00e9ant des obstacles pour les petites entreprises et rendant difficile l&rsquo;\u00e9panouissement des syst\u00e8mes alimentaires locaux et communautaires.   <\/p>\n<p>Malgr\u00e9 les d\u00e9fis, il existe des opportunit\u00e9s prometteuses. Le renforcement des syst\u00e8mes alimentaires locaux am\u00e9liore non seulement l&rsquo;acc\u00e8s \u00e0 des aliments frais et nutritifs, mais r\u00e9duit \u00e9galement l&#8217;empreinte environnementale associ\u00e9e au transport sur de longues distances. De plus, l&rsquo;autonomisation des communaut\u00e9s et l&rsquo;adoption de l&rsquo;agriculture r\u00e9g\u00e9n\u00e9rative pourraient transformer le paysage alimentaire du Canada. Soutenir les r\u00e9seaux alimentaires alternatifs, tels que , offre un contrepoids direct au contr\u00f4le des entreprises et peut jouer un r\u00f4le cl\u00e9 dans la refonte des syst\u00e8mes alimentaires. Avec les syst\u00e8mes alimentaires alternatifs vient un nouvel ensemble de d\u00e9fis \u00e0 surmonter, tels que l&rsquo;accessibilit\u00e9, l&rsquo;abordabilit\u00e9 et la pertinence culturelle pour les communaut\u00e9s noires, autochtones et autres communaut\u00e9s racis\u00e9es. C&rsquo;est le nouveau travail \u00e0 accomplir et cela illustre l&rsquo;importance cruciale d&rsquo;initiatives telles que le Fonds des agriculteurs afro-canadiens et le Fonds Nourrir de Prosp\u00e9rit\u00e9 Inclusive.     <\/p>\n<ol start=\"3\">\n<li><strong>L&rsquo;ins\u00e9curit\u00e9 alimentaire et les liens avec la pauvret\u00e9<\/strong><\/li>\n<\/ol>\n<p>L&rsquo;ins\u00e9curit\u00e9 alimentaire au Canada est directement li\u00e9e \u00e0 l&rsquo;augmentation de la pauvret\u00e9 et des co\u00fbts du logement. Alors que le co\u00fbt de la vie augmente, de nombreux m\u00e9nages sont confront\u00e9s \u00e0 des choix impossibles entre la nourriture, le logement et d&rsquo;autres besoins essentiels. La demande de services de banques alimentaires a atteint des niveaux sans pr\u00e9c\u00e9dent, soulignant la n\u00e9cessit\u00e9 d&rsquo;un filet de s\u00e9curit\u00e9 sociale plus robuste. La question ne concerne pas seulement l&rsquo;acc\u00e8s \u00e0 la nourriture, mais aussi la r\u00e9solution des probl\u00e8mes syst\u00e9miques qui emp\u00eachent les gens d&rsquo;atteindre la s\u00e9curit\u00e9 \u00e9conomique.   <\/p>\n<p>L&rsquo;\u00e9chec du gouvernement \u00e0 aborder ces probl\u00e8mes par des solutions politiques compl\u00e8tes et \u00e0 long terme exacerbe le probl\u00e8me. Les politiques publiques doivent prioriser l&rsquo;acc\u00e8s \u00e9quitable aux ressources, y compris la nourriture, le logement et les soins de sant\u00e9. Des programmes r\u00e9ussis, comme le programme alimentaire scolaire de Terre-Neuve, offrent de pr\u00e9cieuses le\u00e7ons qui pourraient \u00eatre adapt\u00e9es et \u00e9tendues \u00e0 travers le pays, en particulier pour les communaut\u00e9s marginalis\u00e9es, y compris les Noirs, les Autochtones et les personnes handicap\u00e9es.  <\/p>\n<ol start=\"4\">\n<li><strong>Aborder la question de la recherche de profits des entreprises et la n\u00e9cessit\u00e9 d&rsquo;alternatives<\/strong><\/li>\n<\/ol>\n<p>La recherche effr\u00e9n\u00e9e du profit par les entreprises, particuli\u00e8rement dans les secteurs de l&rsquo;alimentation et de l&rsquo;agriculture, exacerbe les in\u00e9galit\u00e9s syst\u00e9miques et aggrave les dommages environnementaux. Les grandes entreprises agroalimentaires dominent le march\u00e9, faisant augmenter les prix des denr\u00e9es et marginalisant les producteurs locaux. R\u00e9soudre ce probl\u00e8me n\u00e9cessite non seulement des changements de politique, mais aussi une transformation de notre perception des syst\u00e8mes alimentaires. L&rsquo;alimentation ne devrait pas \u00eatre trait\u00e9e comme une marchandise sujette \u00e0 la sp\u00e9culation, mais comme un bien public soutenant les communaut\u00e9s.   <\/p>\n<p>Les r\u00e9seaux alimentaires alternatifs \u2014 tels que les coop\u00e9ratives alimentaires locales, les march\u00e9s de producteurs et les initiatives communautaires \u2014 offrent un contrepoids crucial au pouvoir des grandes entreprises. En soutenant ces initiatives, nous pouvons commencer \u00e0 cr\u00e9er un syst\u00e8me alimentaire plus durable et \u00e9quitable qui privil\u00e9gie les besoins des communaut\u00e9s plut\u00f4t que les profits des entreprises. <\/p>\n<ol start=\"5\">\n<li><strong>R\u00e9inventer l&rsquo;action climatique au Canada<\/strong><\/li>\n<\/ol>\n<p>La crise climatique repr\u00e9sente une menace existentielle pour les communaut\u00e9s \u00e0 travers le Canada, pourtant la volont\u00e9 politique et les ressources financi\u00e8res pour une action significative demeurent insuffisantes. Les gouvernements priorisent souvent des politiques acceptables pour l&rsquo;industrie des combustibles fossiles, conduisant \u00e0 des demi-mesures qui profitent aux int\u00e9r\u00eats corporatifs \u00e0 court terme plut\u00f4t que de s&rsquo;attaquer aux causes profondes du changement climatique. Malgr\u00e9 d&rsquo;importantes subventions gouvernementales \u00e0 l&rsquo;industrie des combustibles fossiles \u2014 parmi les plus \u00e9lev\u00e9es du G20 \u2014 une v\u00e9ritable action climatique reste entrav\u00e9e.  <\/p>\n<p>Pour surmonter ces obstacles, nous devons recadrer l&rsquo;action climatique en des termes qui r\u00e9sonnent avec les communaut\u00e9s. La polarisation des questions climatiques est aliment\u00e9e par des narratifs promus par l&rsquo;industrie p\u00e9troli\u00e8re et gazi\u00e8re, qui cr\u00e9ent de la confusion et de la r\u00e9sistance \u00e0 une action transformatrice. Cependant, de nombreux Canadiens consid\u00e8rent le changement climatique comme un probl\u00e8me urgent, et l&rsquo;accent doit \u00eatre mis sur la r\u00e9alisation de mesures concr\u00e8tes et r\u00e9alisables qui d\u00e9montrent les avantages de la lutte contre le changement climatique, notamment en termes d&#8217;emplois, de sant\u00e9 et de d\u00e9veloppement \u00e9conomique local.  <\/p>\n<p>Les initiatives climatiques pour la jeunesse, y compris les programmes d&#8217;employabilit\u00e9 des jeunes, offrent une voie prometteuse pour engager les jeunes dans l&rsquo;action climatique, particuli\u00e8rement dans les r\u00e9gions fortement influenc\u00e9es par l&rsquo;industrie p\u00e9troli\u00e8re et gazi\u00e8re. De plus, des industries comme l&rsquo;agriculture ont une opportunit\u00e9 unique de promouvoir la durabilit\u00e9, notamment par l&rsquo;adoption de pratiques agricoles r\u00e9g\u00e9n\u00e9ratives. Le leadership du Canada dans ce domaine pourrait non seulement att\u00e9nuer les dommages environnementaux, mais aussi cr\u00e9er des opportunit\u00e9s \u00e9conomiques dans les communaut\u00e9s rurales.  <\/p>\n<p><strong>Conclusion : un appel \u00e0 l&rsquo;action collective<\/strong><b><\/b><\/p>\n<p><img loading=\"lazy\" decoding=\"async\" class=\"wp-image-50463 alignleft\" src=\"https:\/\/definityfoundation.org\/wp-content\/uploads\/2-1-300x300.png\" alt=\"\" width=\"152\" height=\"152\"><\/p>\n<p>Notre engagement au cours des deux derni\u00e8res ann\u00e9es a r\u00e9v\u00e9l\u00e9 l&rsquo;ampleur des d\u00e9fis auxquels sont confront\u00e9s le secteur \u00e0 vocation sociale du Canada, les syst\u00e8mes alimentaires et les initiatives d&rsquo;action climatique. Bien que ces d\u00e9fis soient importants, ils pr\u00e9sentent \u00e9galement des opportunit\u00e9s de changement transformateur. En comblant les lacunes en mati\u00e8re de donn\u00e9es, en diversifiant les sources de financement, en recadrant l&rsquo;action climatique et en soutenant des solutions locales et communautaires, nous pouvons commencer \u00e0 construire un avenir plus \u00e9quitable et durable pour tous les Canadiens.  <\/p>\n<p>La cl\u00e9 pour surmonter ces d\u00e9fis r\u00e9side dans la collaboration \u2014 entre les bailleurs de fonds, les organisations \u00e0 but non lucratif, les d\u00e9cideurs politiques et les communaut\u00e9s. Ce n&rsquo;est que par une action collective que nous pourrons garantir \u00e0 tous les Canadiens l&rsquo;acc\u00e8s \u00e0 une alimentation nutritive, des moyens de subsistance durables et un environnement sain et prosp\u00e8re. Le travail \u00e0 accomplir est consid\u00e9rable, mais avec d\u00e9termination, innovation et un engagement envers la justice, nous pouvons \u00eatre \u00e0 la hauteur de la situation.  <\/p>\n","protected":false},"excerpt":{"rendered":"<p>Au cours des deux derni\u00e8res ann\u00e9es, notre \u00e9quipe \u00e0 la Fondation Definity a accord\u00e9 la priorit\u00e9 \u00e0 l&rsquo;apprentissage en nous immergeant dans de nombreux r\u00e9seaux, rassemblements, webinaires, et en nous engageant dans la recherche et en \u00e9tablissant des liens avec des d\u00e9tenteurs de connaissances pour explorer les questions li\u00e9es \u00e0 la philanthropie, aux syst\u00e8mes alimentaires, [&hellip;]<\/p>\n","protected":false},"author":13,"featured_media":0,"parent":0,"menu_order":0,"comment_status":"closed","ping_status":"closed","template":"","meta":{"_acf_changed":false,"_et_pb_use_builder":"","_et_pb_old_content":"","_et_gb_content_width":"","footnotes":""},"class_list":["post-51525","page","type-page","status-publish","hentry"],"acf":[],"_links":{"self":[{"href":"https:\/\/definityfoundation.org\/fr\/wp-json\/wp\/v2\/pages\/51525","targetHints":{"allow":["GET"]}}],"collection":[{"href":"https:\/\/definityfoundation.org\/fr\/wp-json\/wp\/v2\/pages"}],"about":[{"href":"https:\/\/definityfoundation.org\/fr\/wp-json\/wp\/v2\/types\/page"}],"author":[{"embeddable":true,"href":"https:\/\/definityfoundation.org\/fr\/wp-json\/wp\/v2\/users\/13"}],"replies":[{"embeddable":true,"href":"https:\/\/definityfoundation.org\/fr\/wp-json\/wp\/v2\/comments?post=51525"}],"version-history":[{"count":1,"href":"https:\/\/definityfoundation.org\/fr\/wp-json\/wp\/v2\/pages\/51525\/revisions"}],"predecessor-version":[{"id":51527,"href":"https:\/\/definityfoundation.org\/fr\/wp-json\/wp\/v2\/pages\/51525\/revisions\/51527"}],"wp:attachment":[{"href":"https:\/\/definityfoundation.org\/fr\/wp-json\/wp\/v2\/media?parent=51525"}],"curies":[{"name":"wp","href":"https:\/\/api.w.org\/{rel}","templated":true}]}}