{"id":49150,"date":"2022-08-10T00:36:38","date_gmt":"2022-08-10T00:36:38","guid":{"rendered":"http:\/\/dev.definityfoundation.com\/about-us\/"},"modified":"2026-02-04T15:32:52","modified_gmt":"2026-02-04T20:32:52","slug":"apropos","status":"publish","type":"page","link":"https:\/\/definityfoundation.org\/fr\/apropos\/","title":{"rendered":"\u00c0 propos de nous"},"content":{"rendered":"<p>[et_pb_section fb_built=\u00a0\u00bb1&Prime; _builder_version=\u00a0\u00bb4.21.0&Prime; _module_preset=\u00a0\u00bbdefault\u00a0\u00bb background_color=\u00a0\u00bb#0070B0&Prime; locked=\u00a0\u00bboff\u00a0\u00bb global_colors_info=\u00a0\u00bb{}\u00a0\u00bb][et_pb_row _builder_version=\u00a0\u00bb4.21.0&Prime; _module_preset=\u00a0\u00bbdefault\u00a0\u00bb global_colors_info=\u00a0\u00bb{}\u00a0\u00bb][et_pb_column type=\u00a0\u00bb4_4&Prime; _builder_version=\u00a0\u00bb4.21.0&Prime; _module_preset=\u00a0\u00bbdefault\u00a0\u00bb global_colors_info=\u00a0\u00bb{}\u00a0\u00bb][et_pb_text _builder_version=\u00a0\u00bb4.27.4&Prime; _module_preset=\u00a0\u00bbdefault\u00a0\u00bb background_color=\u00a0\u00bb#0070B0&Prime; link_option_url=\u00a0\u00bbhttps:\/\/definityfoundation.org\/wp-content\/uploads\/DEFINITY_AnnualReport_2024_FINAL.pdf\u00a0\u00bb link_option_url_new_window=\u00a0\u00bbon\u00a0\u00bb global_colors_info=\u00a0\u00bb{}\u00a0\u00bb]<\/p>\n<p style=\"text-align: center;\"><span style=\"color: #ffffff;\">Apprendre par le biais d&rsquo;actions audacieuses et r\u00e9fl\u00e9chies. Ancr\u00e9e dans la communaut\u00e9, la justice et l&rsquo;int\u00e9grit\u00e9. <\/span><\/p>\n<p style=\"text-align: center;\"><span style=\"text-decoration: underline;\"><a href=\"https:\/\/definityfoundation.org\/fr\/strategie-priorites\/\"><span style=\"color: #ffffff; text-decoration: underline;\">Notre voie \u00e0 suivre jusqu&rsquo;en 2027.<\/span><\/a><\/span><\/p>\n<p>[\/et_pb_text][\/et_pb_column][\/et_pb_row][\/et_pb_section][et_pb_section fb_built=\u00a0\u00bb1&Prime; fullwidth=\u00a0\u00bbon\u00a0\u00bb _builder_version=\u00a0\u00bb4.17.6&Prime; _module_preset=\u00a0\u00bbdefault\u00a0\u00bb locked=\u00a0\u00bboff\u00a0\u00bb global_colors_info=\u00a0\u00bb{}\u00a0\u00bb][et_pb_fullwidth_header title=\u00a0\u00bb\u00c0 propos de nous.\u00a0\u00bb content_max_width=\u00a0\u00bb54%\u00a0\u00bb content_max_width_tablet=\u00a0\u00bb86%\u00a0\u00bb content_max_width_phone=\u00a0\u00bb100%\u00a0\u00bb content_max_width_last_edited=\u00a0\u00bbon|phone\u00a0\u00bb _builder_version=\u00a0\u00bb4.21.0&Prime; _module_preset=\u00a0\u00bbdefault\u00a0\u00bb title_text_align=\u00a0\u00bbleft\u00a0\u00bb title_font_size=\u00a0\u00bb2.5em\u00a0\u00bb background_color=\u00a0\u00bbRGBA(255,255,255,0)\u00a0\u00bb background_image=\u00a0\u00bbhttps:\/\/definityfoundation.org\/wp-content\/uploads\/Banners-website-10.png\u00a0\u00bb min_height=\u00a0\u00bb400px\u00a0\u00bb custom_margin=\u00a0\u00bb||||false|false\u00a0\u00bb custom_padding=\u00a0\u00bb159px||100px||false|true\u00a0\u00bb global_colors_info=\u00a0\u00bb{}\u00a0\u00bb][\/et_pb_fullwidth_header][\/et_pb_section][et_pb_section fb_built=\u00a0\u00bb1&Prime; module_class=\u00a0\u00bbblue-banner\u00a0\u00bb _builder_version=\u00a0\u00bb4.21.0&Prime; _module_preset=\u00a0\u00bbdefault\u00a0\u00bb background_color=\u00a0\u00bb#123459&Prime; custom_margin=\u00a0\u00bb0px|||||\u00a0\u00bb custom_padding=\u00a0\u00bb64px||59px||false|false\u00a0\u00bb locked=\u00a0\u00bboff\u00a0\u00bb global_colors_info=\u00a0\u00bb{}\u00a0\u00bb][et_pb_row _builder_version=\u00a0\u00bb4.21.0&Prime; _module_preset=\u00a0\u00bbdefault\u00a0\u00bb min_height=\u00a0\u00bb108.3px\u00a0\u00bb custom_margin=\u00a0\u00bb0px|auto|1px|auto|false|false\u00a0\u00bb custom_padding=\u00a0\u00bb0px||1px|||\u00a0\u00bb global_colors_info=\u00a0\u00bb{}\u00a0\u00bb][et_pb_column type=\u00a0\u00bb4_4&Prime; _builder_version=\u00a0\u00bb4.17.6&Prime; _module_preset=\u00a0\u00bbdefault\u00a0\u00bb global_colors_info=\u00a0\u00bb{}\u00a0\u00bb][et_pb_text admin_label=\u00a0\u00bbText\u00a0\u00bb _builder_version=\u00a0\u00bb4.21.0&Prime; _module_preset=\u00a0\u00bbdefault\u00a0\u00bb text_orientation=\u00a0\u00bbcenter\u00a0\u00bb custom_padding=\u00a0\u00bb||0px|||\u00a0\u00bb global_colors_info=\u00a0\u00bb{}\u00a0\u00bb]<\/p>\n<h5><span style=\"color: #ffffff;\">Fondation Definity soutient les communaut\u00e9s \u00e0 travers le Canada dans leur qu\u00eate de justice climatique, sanitaire, sociale et \u00e9conomique. Avec un accent particulier sur l&rsquo;\u00e9quit\u00e9, nous soutenons des solutions qui s&rsquo;attaquent aux barri\u00e8res syst\u00e9miques, en particulier celles auxquelles sont confront\u00e9es les communaut\u00e9s noires, autochtones et d&rsquo;autres communaut\u00e9s racis\u00e9es.<\/span><\/h5>\n<p>[\/et_pb_text][\/et_pb_column][\/et_pb_row][\/et_pb_section][et_pb_section fb_built=\u00a0\u00bb1&Prime; admin_label=\u00a0\u00bbSection\u00a0\u00bb _builder_version=\u00a0\u00bb4.21.0&Prime; _module_preset=\u00a0\u00bbdefault\u00a0\u00bb custom_padding=\u00a0\u00bb65px||65px||true|false\u00a0\u00bb global_colors_info=\u00a0\u00bb{}\u00a0\u00bb][et_pb_row use_custom_gutter=\u00a0\u00bbon\u00a0\u00bb gutter_width=\u00a0\u00bb1&Prime; make_equal=\u00a0\u00bbon\u00a0\u00bb _builder_version=\u00a0\u00bb4.21.0&Prime; _module_preset=\u00a0\u00bbdefault\u00a0\u00bb custom_padding=\u00a0\u00bb0px||2px|||\u00a0\u00bb global_colors_info=\u00a0\u00bb{}\u00a0\u00bb][et_pb_column type=\u00a0\u00bb4_4&Prime; admin_label=\u00a0\u00bbColonne\u00a0\u00bb _builder_version=\u00a0\u00bb4.21.0&Prime; _module_preset=\u00a0\u00bbdefault\u00a0\u00bb custom_padding=\u00a0\u00bb||||false|false\u00a0\u00bb global_colors_info=\u00a0\u00bb{}\u00a0\u00bb][et_pb_text _builder_version=\u00a0\u00bb4.21.0&Prime; _module_preset=\u00a0\u00bbdefault\u00a0\u00bb custom_padding=\u00a0\u00bb|20px|||false|false\u00a0\u00bb global_colors_info=\u00a0\u00bb{}\u00a0\u00bb]<\/p>\n<h2 style=\"text-align: center;\">Notre histoire d&rsquo;origine<span style=\"font-size: 18px;\"> <\/span><\/h2>\n<p>Fond\u00e9e avec le produit de la d\u00e9mutualisation d\u2019Economical, Compagnie Mutuelle d\u2019Assurance en 2021, la Fondation Definity collabore avec divers partenaires \u00e0 travers le pays pour cr\u00e9er un changement positif. Nous croyons que ceux qui ont une exp\u00e9rience directe des barri\u00e8res syst\u00e9miques sont les mieux plac\u00e9s pour mettre en \u0153uvre des solutions qui \u00e9l\u00e8veront leurs communaut\u00e9s.<\/p>\n<p>Gr\u00e2ce \u00e0 des partenariats solides et un soutien cibl\u00e9 pour des solutions audacieuses men\u00e9es par la communaut\u00e9, nous contribuons \u00e0 b\u00e2tir un Canada plus sain, plus \u00e9quitable et plus juste. Pour en savoir plus sur l&rsquo;histoire de la Fondation, <span style=\"color: #ffffff;\"><a href=\"https:\/\/thephilanthropist.ca\/2022\/09\/looking-for-the-good-way-definity-insurance-foundation-aims-for-systems-level-change\/\" style=\"color: #ffffff;\"><span style=\"color: #0070b0;\"><span style=\"text-decoration: underline;\">cliquez ici.<\/span> <\/span><\/a><\/span> <\/p>\n<p>[\/et_pb_text][\/et_pb_column][\/et_pb_row][\/et_pb_section][et_pb_section fb_built=\u00a0\u00bb1&Prime; _builder_version=\u00a0\u00bb4.21.0&Prime; _module_preset=\u00a0\u00bbdefault\u00a0\u00bb background_color=\u00a0\u00bb#f1ebe4&Prime; custom_padding=\u00a0\u00bb60px||0px||false|false\u00a0\u00bb global_colors_info=\u00a0\u00bb{}\u00a0\u00bb][et_pb_row _builder_version=\u00a0\u00bb4.21.0&Prime; _module_preset=\u00a0\u00bbdefault\u00a0\u00bb custom_padding=\u00a0\u00bb11px|||||\u00a0\u00bb global_colors_info=\u00a0\u00bb{}\u00a0\u00bb][et_pb_column type=\u00a0\u00bb4_4&Prime; _builder_version=\u00a0\u00bb4.21.0&Prime; _module_preset=\u00a0\u00bbdefault\u00a0\u00bb global_colors_info=\u00a0\u00bb{}\u00a0\u00bb][et_pb_text _builder_version=\u00a0\u00bb4.21.0&Prime; _module_preset=\u00a0\u00bbdefault\u00a0\u00bb text_orientation=\u00a0\u00bbcenter\u00a0\u00bb global_colors_info=\u00a0\u00bb{}\u00a0\u00bb]<\/p>\n<h2 style=\"text-align: center;\">Nos valeurs<\/h2>\n<p>[\/et_pb_text][\/et_pb_column][\/et_pb_row][et_pb_row column_structure=\u00a0\u00bb1_3,1_3,1_3&Prime; use_custom_gutter=\u00a0\u00bbon\u00a0\u00bb make_equal=\u00a0\u00bbon\u00a0\u00bb admin_label=\u00a0\u00bbRang\u00e9e\u00a0\u00bb _builder_version=\u00a0\u00bb4.21.0&Prime; _module_preset=\u00a0\u00bbdefault\u00a0\u00bb custom_margin=\u00a0\u00bb||||false|false\u00a0\u00bb custom_padding=\u00a0\u00bb0px||65px||false|false\u00a0\u00bb global_colors_info=\u00a0\u00bb{}\u00a0\u00bb][et_pb_column type=\u00a0\u00bb1_3&Prime; _builder_version=\u00a0\u00bb4.21.0&Prime; _module_preset=\u00a0\u00bbdefault\u00a0\u00bb background_color=\u00a0\u00bb#FFFFFF\u00a0\u00bb border_radii=\u00a0\u00bbon|10px|10px|10px|10px\u00a0\u00bb global_colors_info=\u00a0\u00bb{}\u00a0\u00bb][et_pb_text module_class=\u00a0\u00bbour-values-card\u00a0\u00bb _builder_version=\u00a0\u00bb4.21.0&Prime; _module_preset=\u00a0\u00bbdefault\u00a0\u00bb background_enable_color=\u00a0\u00bboff\u00a0\u00bb custom_padding=\u00a0\u00bb32px|32px|32px|32px|false|false\u00a0\u00bb box_shadow_style=\u00a0\u00bbpreset1&Prime; box_shadow_vertical=\u00a0\u00bb4px\u00a0\u00bb box_shadow_blur=\u00a0\u00bb44px\u00a0\u00bb box_shadow_color=\u00a0\u00bbrgba(18,52,88,0.03)\u00a0\u00bb global_colors_info=\u00a0\u00bb{}\u00a0\u00bb]<\/p>\n<h4 style=\"text-align: center;\">La communaut\u00e9<br \/>au c\u0153ur<\/h4>\n<p><span style=\"font-size: 17px; color: #373737; font-family: Montserrat, Helvetica, Arial, Lucida, sans-serif;\"><span style=\"color: #000000;\">Nous fondons notre travail sur une \u00e9coute profonde qui guide nos actions, une croyance en l&rsquo;autod\u00e9termination comme voie vers de meilleures solutions, et un engagement envers l&rsquo;action collective et coop\u00e9rative comme moteur de changement significatif et durable<\/span>.<\/span><\/p>\n<p>[\/et_pb_text][\/et_pb_column][et_pb_column type=\u00a0\u00bb1_3&Prime; admin_label=\u00a0\u00bbColonne\u00a0\u00bb _builder_version=\u00a0\u00bb4.21.0&Prime; _module_preset=\u00a0\u00bbdefault\u00a0\u00bb background_color=\u00a0\u00bb#FFFFFF\u00a0\u00bb border_radii=\u00a0\u00bbon|10px|10px|10px|10px\u00a0\u00bb global_colors_info=\u00a0\u00bb{}\u00a0\u00bb][et_pb_text module_class=\u00a0\u00bbour-values-card\u00a0\u00bb _builder_version=\u00a0\u00bb4.21.0&Prime; _module_preset=\u00a0\u00bbdefault\u00a0\u00bb background_enable_color=\u00a0\u00bboff\u00a0\u00bb custom_padding=\u00a0\u00bb32px|32px|32px|32px|false|false\u00a0\u00bb box_shadow_style=\u00a0\u00bbpreset1&Prime; box_shadow_vertical=\u00a0\u00bb4px\u00a0\u00bb box_shadow_blur=\u00a0\u00bb44px\u00a0\u00bb box_shadow_color=\u00a0\u00bbrgba(18,52,88,0.03)\u00a0\u00bb global_colors_info=\u00a0\u00bb{}\u00a0\u00bb]<\/p>\n<h4 style=\"text-align: center;\">Motiv\u00e9s par la justice<\/h4>\n<p><span style=\"font-size: 17px; text-align: left; color: #373737; font-family: Montserrat, Helvetica, Arial, Lucida, sans-serif;\"><\/span><\/p>\n<p><span style=\"font-size: 17px; text-align: left; color: #373737; font-family: Montserrat, Helvetica, Arial, Lucida, sans-serif;\"><\/span><\/p>\n<p><span style=\"font-size: 17px; text-align: left; color: #000000; font-family: Montserrat, Helvetica, Arial, Lucida, sans-serif;\">Nous nous engageons \u00e0 aborder les in\u00e9galit\u00e9s historiques et actuelles, y compris le d\u00e9s\u00e9quilibre de pouvoir et de privil\u00e8ges, en travaillant aux c\u00f4t\u00e9s d&rsquo;autres pour cr\u00e9er des conditions d&rsquo;acc\u00e8s, de bien-\u00eatre, d&rsquo;inclusion et d&rsquo;\u00e9quit\u00e9, tout en confrontant continuellement des v\u00e9rit\u00e9s inconfortables et en agissant avec courage.<\/span><\/p>\n<p>[\/et_pb_text][\/et_pb_column][et_pb_column type=\u00a0\u00bb1_3&Prime; _builder_version=\u00a0\u00bb4.21.0&Prime; _module_preset=\u00a0\u00bbdefault\u00a0\u00bb background_color=\u00a0\u00bb#FFFFFF\u00a0\u00bb border_radii=\u00a0\u00bbon|10px|10px|10px|10px\u00a0\u00bb global_colors_info=\u00a0\u00bb{}\u00a0\u00bb][et_pb_text module_class=\u00a0\u00bbour-values-card\u00a0\u00bb _builder_version=\u00a0\u00bb4.21.0&Prime; _module_preset=\u00a0\u00bbdefault\u00a0\u00bb background_enable_color=\u00a0\u00bboff\u00a0\u00bb custom_padding=\u00a0\u00bb32px|32px|32px|32px|false|false\u00a0\u00bb box_shadow_style=\u00a0\u00bbpreset1&Prime; box_shadow_vertical=\u00a0\u00bb4px\u00a0\u00bb box_shadow_blur=\u00a0\u00bb44px\u00a0\u00bb box_shadow_color=\u00a0\u00bbrgba(18,52,88,0.03)\u00a0\u00bb global_colors_info=\u00a0\u00bb{}\u00a0\u00bb]<\/p>\n<h4 style=\"text-align: center;\">L&rsquo;int\u00e9grit\u00e9 par l&rsquo;action<\/h4>\n<p><span style=\"font-size: 17px; text-align: left; color: #000000; font-family: inherit; font-weight: normal;\"><span style=\"font-size: 17px; text-align: left; font-family: Montserrat, Helvetica, Arial, Lucida, sans-serif;\">Nous prenons des mesures et prenons des d\u00e9cisions ancr\u00e9es dans notre mission, notre vision et nos valeurs, agissant avec respect, ouverture et honn\u00eatet\u00e9, tout en nous tenant responsables de l&rsquo;impact de nos actions. <\/span><\/span><\/p>\n<p>[\/et_pb_text][\/et_pb_column][\/et_pb_row][\/et_pb_section][et_pb_section fb_built=\u00a0\u00bb1&Prime; admin_label=\u00a0\u00bbSection\u00a0\u00bb _builder_version=\u00a0\u00bb4.21.0&Prime; _module_preset=\u00a0\u00bbdefault\u00a0\u00bb custom_padding=\u00a0\u00bb65px||65px||false|false\u00a0\u00bb global_colors_info=\u00a0\u00bb{}\u00a0\u00bb][et_pb_row column_structure=\u00a0\u00bb1_2,1_2&Prime; use_custom_gutter=\u00a0\u00bbon\u00a0\u00bb gutter_width=\u00a0\u00bb1&Prime; make_equal=\u00a0\u00bbon\u00a0\u00bb _builder_version=\u00a0\u00bb4.21.0&Prime; _module_preset=\u00a0\u00bbdefault\u00a0\u00bb custom_padding=\u00a0\u00bb0px||0px|||\u00a0\u00bb global_colors_info=\u00a0\u00bb{}\u00a0\u00bb][et_pb_column type=\u00a0\u00bb1_2&Prime; admin_label=\u00a0\u00bbColonne\u00a0\u00bb _builder_version=\u00a0\u00bb4.21.0&Prime; _module_preset=\u00a0\u00bbdefault\u00a0\u00bb custom_padding=\u00a0\u00bb||||false|false\u00a0\u00bb global_colors_info=\u00a0\u00bb{}\u00a0\u00bb][et_pb_text _builder_version=\u00a0\u00bb4.27.4&Prime; _module_preset=\u00a0\u00bbdefault\u00a0\u00bb custom_padding=\u00a0\u00bb|20px|||false|false\u00a0\u00bb global_colors_info=\u00a0\u00bb{}\u00a0\u00bb]<\/p>\n<h2>Carte strat\u00e9gique<\/h2>\n<p>&nbsp;<\/p>\n<p><span style=\"color: #000000;\">Notre plan strat\u00e9gique d\u00e9crit les imp\u00e9ratifs cl\u00e9s qui guident notre travail et nous maintiennent concentr\u00e9s sur notre mission pour faire avancer notre vision. Notre carte strat\u00e9gique synth\u00e9tise tout cela en un seul aper\u00e7u visuel, mettant en lumi\u00e8re notre objectif, nos priorit\u00e9s et notre approche.<\/span><\/p>\n<p><a href=\"https:\/\/definityfoundation.org\/fr\/strategie-priorites\/\" class=\"white-button\">En savoir plus sur notre strat\u00e9gie et nos priorit\u00e9s<\/a><\/p>\n<p>[\/et_pb_text][\/et_pb_column][et_pb_column type=\u00a0\u00bb1_2&Prime; admin_label=\u00a0\u00bbColonne\u00a0\u00bb _builder_version=\u00a0\u00bb4.21.0&Prime; _module_preset=\u00a0\u00bbdefault\u00a0\u00bb global_colors_info=\u00a0\u00bb{}\u00a0\u00bb][et_pb_image src=\u00a0\u00bbhttps:\/\/definityfoundation.org\/wp-content\/uploads\/PNG-High-Res-Solid-Strategy-Map-Definity-Foundation.png\u00a0\u00bb title_text=\u00a0\u00bbPNG haute r\u00e9solution solide &#8211; carte strat\u00e9gique &#8211; Fondation Definity\u00a0\u00bb url=\u00a0\u00bbhttps:\/\/definityfoundation.org\/wp-content\/uploads\/PNG-High-Res-Transparent-Strategy-Map-Defiity-Foundation-e1747840558367.png\u00a0\u00bb url_new_window=\u00a0\u00bbon\u00a0\u00bb force_fullwidth=\u00a0\u00bbon\u00a0\u00bb _builder_version=\u00a0\u00bb4.21.0&Prime; _module_preset=\u00a0\u00bbdefault\u00a0\u00bb global_colors_info=\u00a0\u00bb{}\u00a0\u00bb][\/et_pb_image][\/et_pb_column][\/et_pb_row][\/et_pb_section][et_pb_section fb_built=\u00a0\u00bb1&Prime; _builder_version=\u00a0\u00bb4.17.6&Prime; _module_preset=\u00a0\u00bbdefault\u00a0\u00bb background_color=\u00a0\u00bb#373737&Prime; locked=\u00a0\u00bboff\u00a0\u00bb global_colors_info=\u00a0\u00bb{}\u00a0\u00bb][\/et_pb_section]<\/p>\n","protected":false},"excerpt":{"rendered":"<p>Apprendre par le biais d&rsquo;actions audacieuses et r\u00e9fl\u00e9chies. Ancr\u00e9e dans la communaut\u00e9, la justice et l&rsquo;int\u00e9grit\u00e9. Notre voie \u00e0 suivre jusqu&rsquo;en 2027.Fondation Definity soutient les communaut\u00e9s \u00e0 travers le Canada dans leur qu\u00eate de justice climatique, sanitaire, sociale et \u00e9conomique. Avec un accent particulier sur l&rsquo;\u00e9quit\u00e9, nous soutenons des solutions qui s&rsquo;attaquent aux barri\u00e8res syst\u00e9miques, [&hellip;]<\/p>\n","protected":false},"author":5,"featured_media":0,"parent":0,"menu_order":0,"comment_status":"closed","ping_status":"closed","template":"","meta":{"_acf_changed":false,"_et_pb_use_builder":"on","_et_pb_old_content":"","_et_gb_content_width":"","footnotes":""},"class_list":["post-49150","page","type-page","status-publish","hentry"],"acf":[],"_links":{"self":[{"href":"https:\/\/definityfoundation.org\/fr\/wp-json\/wp\/v2\/pages\/49150","targetHints":{"allow":["GET"]}}],"collection":[{"href":"https:\/\/definityfoundation.org\/fr\/wp-json\/wp\/v2\/pages"}],"about":[{"href":"https:\/\/definityfoundation.org\/fr\/wp-json\/wp\/v2\/types\/page"}],"author":[{"embeddable":true,"href":"https:\/\/definityfoundation.org\/fr\/wp-json\/wp\/v2\/users\/5"}],"replies":[{"embeddable":true,"href":"https:\/\/definityfoundation.org\/fr\/wp-json\/wp\/v2\/comments?post=49150"}],"version-history":[{"count":87,"href":"https:\/\/definityfoundation.org\/fr\/wp-json\/wp\/v2\/pages\/49150\/revisions"}],"predecessor-version":[{"id":54521,"href":"https:\/\/definityfoundation.org\/fr\/wp-json\/wp\/v2\/pages\/49150\/revisions\/54521"}],"wp:attachment":[{"href":"https:\/\/definityfoundation.org\/fr\/wp-json\/wp\/v2\/media?parent=49150"}],"curies":[{"name":"wp","href":"https:\/\/api.w.org\/{rel}","templated":true}]}}