{"id":49148,"date":"2016-10-01T18:08:05","date_gmt":"2016-10-01T18:08:05","guid":{"rendered":"http:\/\/dev.definityfoundation.com\/homepage\/"},"modified":"2026-03-31T08:29:31","modified_gmt":"2026-03-31T13:29:31","slug":"accueil","status":"publish","type":"page","link":"https:\/\/definityfoundation.org\/fr\/","title":{"rendered":"Page d&rsquo;accueil"},"content":{"rendered":"<p>[et_pb_section fb_built=\u00a0\u00bb1&Prime; _builder_version=\u00a0\u00bb4.21.0&Prime; _module_preset=\u00a0\u00bbdefault\u00a0\u00bb background_color=\u00a0\u00bb#0070B0&Prime; global_colors_info=\u00a0\u00bb{}\u00a0\u00bb][et_pb_row _builder_version=\u00a0\u00bb4.21.0&Prime; _module_preset=\u00a0\u00bbdefault\u00a0\u00bb global_colors_info=\u00a0\u00bb{}\u00a0\u00bb][et_pb_column type=\u00a0\u00bb4_4&Prime; _builder_version=\u00a0\u00bb4.21.0&Prime; _module_preset=\u00a0\u00bbdefault\u00a0\u00bb global_colors_info=\u00a0\u00bb{}\u00a0\u00bb][et_pb_text _builder_version=\u00a0\u00bb4.27.4&Prime; _module_preset=\u00a0\u00bbdefault\u00a0\u00bb background_color=\u00a0\u00bb#0070B0&Prime; link_option_url=\u00a0\u00bbhttps:\/\/definityfoundation.org\/wp-content\/uploads\/DEFINITY_AnnualReport_2024_FINAL.pdf\u00a0\u00bb link_option_url_new_window=\u00a0\u00bbon\u00a0\u00bb global_colors_info=\u00a0\u00bb{}\u00a0\u00bb]<\/p>\n<p style=\"text-align: center;\"><span style=\"color: #ffffff;\"><span style=\"text-decoration: underline;\"><\/span><\/span><\/p>\n<p style=\"text-align: center;\"><a href=\"https:\/\/definityfoundation.org\/recruitment-board-of-directors-2\/\"><span style=\"color: #ffffff;\"><span style=\"text-decoration: underline;\"><strong>Nous recrutons pour notre conseil d&rsquo;administration [EN] !<\/strong><\/span><\/span><\/a><\/p>\n<p style=\"text-align: center;\"><span style=\"color: #ffffff;\"><span style=\"text-decoration: underline;\"><\/span><\/span><\/p>\n<p style=\"text-align: center;\"><span style=\"color: #ffffff;\"><span style=\"text-decoration: underline;\">Rapport annuel 2024<\/span><strong><br \/><\/strong>Apprendre par le biais d&rsquo;actions audacieuses et r\u00e9fl\u00e9chies. Ancr\u00e9e dans la communaut\u00e9, la justice et l&rsquo;int\u00e9grit\u00e9. <br \/><\/span><span style=\"color: #ffffff;\"><span style=\"text-decoration: underline;\"><a href=\"https:\/\/definityfoundation.org\/fr\/strategie-priorites\/\"><span style=\"color: #ffffff; text-decoration: underline;\">Notre voie \u00e0 suivre jusqu&rsquo;en 2027.<\/span><\/a><\/span><\/span><\/p>\n<p>[\/et_pb_text][\/et_pb_column][\/et_pb_row][\/et_pb_section][et_pb_section fb_built=\u00a0\u00bb1&Prime; fullwidth=\u00a0\u00bbon\u00a0\u00bb _builder_version=\u00a0\u00bb4.21.0&Prime; _module_preset=\u00a0\u00bbdefault\u00a0\u00bb module_alignment=\u00a0\u00bbcenter\u00a0\u00bb min_height=\u00a0\u00bb400px\u00a0\u00bb global_colors_info=\u00a0\u00bb{}\u00a0\u00bb][et_pb_fullwidth_header title=\u00a0\u00bbFondation Definity\u00a0\u00bb content_max_width=\u00a0\u00bb60%\u00a0\u00bb content_max_width_tablet=\u00a0\u00bb60%\u00a0\u00bb content_max_width_phone=\u00a0\u00bb100%\u00a0\u00bb content_max_width_last_edited=\u00a0\u00bbon|phone\u00a0\u00bb _builder_version=\u00a0\u00bb4.21.0&Prime; _module_preset=\u00a0\u00bbdefault\u00a0\u00bb title_text_align=\u00a0\u00bbleft\u00a0\u00bb title_font_size=\u00a0\u00bb2.5em\u00a0\u00bb background_color=\u00a0\u00bb#FFFFFF\u00a0\u00bb background_image=\u00a0\u00bbhttps:\/\/definityfoundation.org\/wp-content\/uploads\/definity-foundation-hero.webp\u00a0\u00bb width=\u00a0\u00bb100%\u00a0\u00bb max_width=\u00a0\u00bb100%\u00a0\u00bb module_alignment=\u00a0\u00bbcenter\u00a0\u00bb min_height=\u00a0\u00bb400px\u00a0\u00bb custom_margin=\u00a0\u00bb||||false|false\u00a0\u00bb custom_padding=\u00a0\u00bb161px||0px||false|true\u00a0\u00bb global_colors_info=\u00a0\u00bb{}\u00a0\u00bb][\/et_pb_fullwidth_header][\/et_pb_section][et_pb_section fb_built=\u00a0\u00bb1&Prime; admin_label=\u00a0\u00bbSection\u00a0\u00bb module_class=\u00a0\u00bbblue-banner\u00a0\u00bb _builder_version=\u00a0\u00bb4.21.0&Prime; _module_preset=\u00a0\u00bbdefault\u00a0\u00bb background_color=\u00a0\u00bb#123459&Prime; custom_padding=\u00a0\u00bb64px||54px||false|false\u00a0\u00bb global_colors_info=\u00a0\u00bb{}\u00a0\u00bb][et_pb_row _builder_version=\u00a0\u00bb4.21.0&Prime; _module_preset=\u00a0\u00bbdefault\u00a0\u00bb min_height=\u00a0\u00bb142.6px\u00a0\u00bb custom_margin=\u00a0\u00bb|auto|1px|auto||\u00a0\u00bb custom_padding=\u00a0\u00bb||1px|||\u00a0\u00bb global_colors_info=\u00a0\u00bb{}\u00a0\u00bb][et_pb_column type=\u00a0\u00bb4_4&Prime; _builder_version=\u00a0\u00bb4.17.6&Prime; _module_preset=\u00a0\u00bbdefault\u00a0\u00bb global_colors_info=\u00a0\u00bb{}\u00a0\u00bb][et_pb_text admin_label=\u00a0\u00bbText\u00a0\u00bb _builder_version=\u00a0\u00bb4.21.0&Prime; _module_preset=\u00a0\u00bbdefault\u00a0\u00bb text_text_color=\u00a0\u00bb#FFFFFF\u00a0\u00bb header_text_color=\u00a0\u00bb#FFFFFF\u00a0\u00bb text_orientation=\u00a0\u00bbcenter\u00a0\u00bb custom_margin=\u00a0\u00bb-32px|||||\u00a0\u00bb custom_padding=\u00a0\u00bb0px|||||\u00a0\u00bb global_colors_info=\u00a0\u00bb{}\u00a0\u00bb]<\/p>\n<h5><span style=\"color: #ffffff;\">Fondation Definity soutient les communaut\u00e9s \u00e0 travers le Canada dans leur qu\u00eate de justice climatique, sanitaire, sociale et \u00e9conomique. Avec un accent particulier sur l&rsquo;\u00e9quit\u00e9, nous soutenons des solutions qui s&rsquo;attaquent aux barri\u00e8res syst\u00e9miques, en particulier celles auxquelles sont confront\u00e9es les communaut\u00e9s noires, autochtones et d&rsquo;autres communaut\u00e9s racis\u00e9es.<\/span><\/h5>\n<p>[\/et_pb_text][\/et_pb_column][\/et_pb_row][\/et_pb_section][et_pb_section fb_built=\u00a0\u00bb1&Prime; admin_label=\u00a0\u00bbListings\u00a0\u00bb _builder_version=\u00a0\u00bb4.18.0&Prime; custom_padding=\u00a0\u00bb80px||0px||false|false\u00a0\u00bb animation_style=\u00a0\u00bbfade\u00a0\u00bb animation_delay=\u00a0\u00bb200ms\u00a0\u00bb global_colors_info=\u00a0\u00bb{}\u00a0\u00bb][et_pb_row _builder_version=\u00a0\u00bb4.16&Prime; custom_padding=\u00a0\u00bb40px||40px|||\u00a0\u00bb global_colors_info=\u00a0\u00bb{}\u00a0\u00bb][et_pb_column type=\u00a0\u00bb4_4&Prime; _builder_version=\u00a0\u00bb4.16&Prime; custom_padding=\u00a0\u00bb|||\u00a0\u00bb global_colors_info=\u00a0\u00bb{}\u00a0\u00bb custom_padding__hover=\u00a0\u00bb|||\u00a0\u00bb][et_pb_text admin_label=\u00a0\u00bbText\u00a0\u00bb _builder_version=\u00a0\u00bb4.21.0&Prime; _module_preset=\u00a0\u00bbdefault\u00a0\u00bb header_2_font_size=\u00a0\u00bb2.3em\u00a0\u00bb text_orientation=\u00a0\u00bbcenter\u00a0\u00bb custom_padding=\u00a0\u00bb||0px|||\u00a0\u00bb global_colors_info=\u00a0\u00bb{}\u00a0\u00bb]<\/p>\n<h2>\u00c0 propos de Fondation Definity<\/h2>\n<p>[\/et_pb_text][\/et_pb_column][\/et_pb_row][et_pb_row column_structure=\u00a0\u00bb1_3,1_3,1_3&Prime; use_custom_gutter=\u00a0\u00bbon\u00a0\u00bb gutter_width=\u00a0\u00bb2&Prime; make_equal=\u00a0\u00bbon\u00a0\u00bb _builder_version=\u00a0\u00bb4.21.0&Prime; custom_margin=\u00a0\u00bb0px||||false|false\u00a0\u00bb custom_padding=\u00a0\u00bb0px||62px|||\u00a0\u00bb global_colors_info=\u00a0\u00bb{}\u00a0\u00bb][et_pb_column type=\u00a0\u00bb1_3&Prime; admin_label=\u00a0\u00bbColonne\u00a0\u00bb _builder_version=\u00a0\u00bb4.21.0&Prime; custom_padding=\u00a0\u00bb||||false|false\u00a0\u00bb border_radii=\u00a0\u00bbon|10px|10px|10px|10px\u00a0\u00bb border_width_all=\u00a0\u00bb1px\u00a0\u00bb border_color_all=\u00a0\u00bb#F0F0F0&Prime; global_colors_info=\u00a0\u00bb{}\u00a0\u00bb custom_padding__hover=\u00a0\u00bb|||\u00a0\u00bb][et_pb_blurb title=\u00a0\u00bb\u00c0 propos de nous\u00a0\u00bb image=\u00a0\u00bbhttps:\/\/definityfoundation.org\/wp-content\/uploads\/iStock-860939816-edited-scaled.jpg\u00a0\u00bb image_icon_width=\u00a0\u00bb100%\u00a0\u00bb admin_label=\u00a0\u00bbBlurb\u00a0\u00bb _builder_version=\u00a0\u00bb4.21.0&Prime; header_font=\u00a0\u00bb||||||||\u00a0\u00bb header_text_align=\u00a0\u00bbcenter\u00a0\u00bb header_font_size=\u00a0\u00bb1.9em\u00a0\u00bb header_line_height=\u00a0\u00bb1.1em\u00a0\u00bb body_font=\u00a0\u00bb||||||||\u00a0\u00bb custom_padding=\u00a0\u00bb|27px|27px|27px|false|true\u00a0\u00bb animation_style=\u00a0\u00bbfade\u00a0\u00bb animation=\u00a0\u00bboff\u00a0\u00bb border_radii=\u00a0\u00bbon|6px|6px|6px|6px\u00a0\u00bb border_color_all=\u00a0\u00bbRGBA(255,255,255,0)\u00a0\u00bb border_radii_image=\u00a0\u00bbon|12px|12px|12px|12px\u00a0\u00bb global_colors_info=\u00a0\u00bb{}\u00a0\u00bb]<\/p>\n<p style=\"text-align: center;\">Ancr\u00e9e dans nos valeurs de communaut\u00e9, de justice et d&rsquo;int\u00e9grit\u00e9, la Fondation Definity cherche \u00e0 rem\u00e9dier aux in\u00e9galit\u00e9s historiques et actuelles.<\/p>\n<p style=\"text-align: center;\"><a href=\"https:\/\/definityfoundation.org\/fr\/apropos\/\">En savoir plus sur nous<\/a><\/p>\n<p>[\/et_pb_blurb][\/et_pb_column][et_pb_column type=\u00a0\u00bb1_3&Prime; _builder_version=\u00a0\u00bb4.21.0&Prime; custom_padding=\u00a0\u00bb|||\u00a0\u00bb border_radii=\u00a0\u00bbon|10px|10px|10px|10px\u00a0\u00bb border_width_all=\u00a0\u00bb1px\u00a0\u00bb border_color_all=\u00a0\u00bb#F0F0F0&Prime; global_colors_info=\u00a0\u00bb{}\u00a0\u00bb custom_padding__hover=\u00a0\u00bb|||\u00a0\u00bb][et_pb_blurb title=\u00a0\u00bbStrat\u00e9gie &#038; priorit\u00e9s\u00a0\u00bb image=\u00a0\u00bbhttps:\/\/definityfoundation.org\/wp-content\/uploads\/Thriving-Communities-scaled.webp\u00a0\u00bb image_icon_width=\u00a0\u00bb100%\u00a0\u00bb _builder_version=\u00a0\u00bb4.21.0&Prime; header_font=\u00a0\u00bb||||||||\u00a0\u00bb header_text_align=\u00a0\u00bbcenter\u00a0\u00bb header_font_size=\u00a0\u00bb1.9em\u00a0\u00bb header_line_height=\u00a0\u00bb1.1em\u00a0\u00bb body_font=\u00a0\u00bb||||||||\u00a0\u00bb custom_padding=\u00a0\u00bb|27px||27px|false|true\u00a0\u00bb animation_style=\u00a0\u00bbfade\u00a0\u00bb animation=\u00a0\u00bboff\u00a0\u00bb border_radii=\u00a0\u00bbon|4px|4px|4px|4px\u00a0\u00bb border_color_all=\u00a0\u00bbRGBA(255,255,255,0)\u00a0\u00bb border_radii_image=\u00a0\u00bbon|12px|12px|12px|12px\u00a0\u00bb global_colors_info=\u00a0\u00bb{}\u00a0\u00bb]<\/p>\n<p style=\"text-align: center;\">Fondation Definity soutient les communaut\u00e9s \u00e0 travers le Canada dans leur qu\u00eate de justice climatique, sanitaire, sociale et \u00e9conomique.<\/p>\n<p style=\"text-align: center;\"><a href=\"https:\/\/definityfoundation.org\/fr\/strategie-priorites\/\">Explorez nos priorit\u00e9s de financement<\/a><\/p>\n<p>[\/et_pb_blurb][\/et_pb_column][et_pb_column type=\u00a0\u00bb1_3&Prime; _builder_version=\u00a0\u00bb4.21.0&Prime; custom_padding=\u00a0\u00bb|||\u00a0\u00bb border_radii=\u00a0\u00bbon|10px|10px|10px|10px\u00a0\u00bb border_width_all=\u00a0\u00bb1px\u00a0\u00bb border_color_all=\u00a0\u00bb#F0F0F0&Prime; global_colors_info=\u00a0\u00bb{}\u00a0\u00bb custom_padding__hover=\u00a0\u00bb|||\u00a0\u00bb][et_pb_blurb title=\u00a0\u00bbActualit\u00e9s &#038; impact\u00a0\u00bb image=\u00a0\u00bbhttps:\/\/definityfoundation.org\/wp-content\/uploads\/Our-focus-areas-and-strategies.webp\u00a0\u00bb image_icon_width=\u00a0\u00bb100%\u00a0\u00bb _builder_version=\u00a0\u00bb4.21.0&Prime; header_font=\u00a0\u00bb||||||||\u00a0\u00bb header_text_align=\u00a0\u00bbcenter\u00a0\u00bb header_font_size=\u00a0\u00bb1.9em\u00a0\u00bb header_line_height=\u00a0\u00bb1.1em\u00a0\u00bb body_font=\u00a0\u00bb||||||||\u00a0\u00bb custom_padding=\u00a0\u00bb|27px||27px|false|true\u00a0\u00bb animation_style=\u00a0\u00bbfade\u00a0\u00bb animation=\u00a0\u00bboff\u00a0\u00bb border_radii=\u00a0\u00bbon|4px|4px|4px|4px\u00a0\u00bb border_color_all=\u00a0\u00bbRGBA(255,255,255,0)\u00a0\u00bb border_radii_image=\u00a0\u00bbon|3px|3px|3px|3px\u00a0\u00bb global_colors_info=\u00a0\u00bb{}\u00a0\u00bb]<\/p>\n<p style=\"text-align: center;\">Explorez les annonces, les articles de blog et les histoires qui mettent en lumi\u00e8re le travail inspirant de nos partenaires et l&rsquo;impact que nous cr\u00e9ons ensemble.<\/p>\n<p style=\"text-align: center;\"><a href=\"https:\/\/definityfoundation.org\/fr\/actualites\/\">En savoir plus sur notre travail<\/a><\/p>\n<p>[\/et_pb_blurb][\/et_pb_column][\/et_pb_row][\/et_pb_section][et_pb_section fb_built=\u00a0\u00bb1&Prime; _builder_version=\u00a0\u00bb4.17.6&Prime; _module_preset=\u00a0\u00bbdefault\u00a0\u00bb background_color=\u00a0\u00bb#373737&Prime; global_colors_info=\u00a0\u00bb{}\u00a0\u00bb][\/et_pb_section]<\/p>\n","protected":false},"excerpt":{"rendered":"<p>Nous recrutons pour notre conseil d&rsquo;administration [EN] ! Rapport annuel 2024Apprendre par le biais d&rsquo;actions audacieuses et r\u00e9fl\u00e9chies. Ancr\u00e9e dans la communaut\u00e9, la justice et l&rsquo;int\u00e9grit\u00e9. Notre voie \u00e0 suivre jusqu&rsquo;en 2027.Fondation Definity soutient les communaut\u00e9s \u00e0 travers le Canada dans leur qu\u00eate de justice climatique, sanitaire, sociale et \u00e9conomique. Avec un accent particulier sur [&hellip;]<\/p>\n","protected":false},"author":5,"featured_media":49060,"parent":0,"menu_order":0,"comment_status":"closed","ping_status":"closed","template":"","meta":{"_acf_changed":false,"_et_pb_use_builder":"on","_et_pb_old_content":"","_et_gb_content_width":"","footnotes":""},"class_list":["post-49148","page","type-page","status-publish","has-post-thumbnail","hentry"],"acf":[],"_links":{"self":[{"href":"https:\/\/definityfoundation.org\/fr\/wp-json\/wp\/v2\/pages\/49148","targetHints":{"allow":["GET"]}}],"collection":[{"href":"https:\/\/definityfoundation.org\/fr\/wp-json\/wp\/v2\/pages"}],"about":[{"href":"https:\/\/definityfoundation.org\/fr\/wp-json\/wp\/v2\/types\/page"}],"author":[{"embeddable":true,"href":"https:\/\/definityfoundation.org\/fr\/wp-json\/wp\/v2\/users\/5"}],"replies":[{"embeddable":true,"href":"https:\/\/definityfoundation.org\/fr\/wp-json\/wp\/v2\/comments?post=49148"}],"version-history":[{"count":93,"href":"https:\/\/definityfoundation.org\/fr\/wp-json\/wp\/v2\/pages\/49148\/revisions"}],"predecessor-version":[{"id":54610,"href":"https:\/\/definityfoundation.org\/fr\/wp-json\/wp\/v2\/pages\/49148\/revisions\/54610"}],"wp:featuredmedia":[{"embeddable":true,"href":"https:\/\/definityfoundation.org\/fr\/wp-json\/wp\/v2\/media\/49060"}],"wp:attachment":[{"href":"https:\/\/definityfoundation.org\/fr\/wp-json\/wp\/v2\/media?parent=49148"}],"curies":[{"name":"wp","href":"https:\/\/api.w.org\/{rel}","templated":true}]}}